{"id":5971,"date":"2023-08-10T11:09:45","date_gmt":"2023-08-10T09:09:45","guid":{"rendered":"https:\/\/tech4access.com\/?page_id=5971"},"modified":"2023-08-10T11:15:24","modified_gmt":"2023-08-10T09:15:24","slug":"politica-sulla-privacy","status":"publish","type":"page","link":"https:\/\/tech4access.com\/it\/politica-sulla-privacy\/","title":{"rendered":"Politica sulla privacy"},"content":{"rendered":"\t\t<div data-elementor-type=\"wp-page\" data-elementor-id=\"5971\" class=\"elementor elementor-5971\" data-elementor-post-type=\"page\">\n\t\t\t\t\t\t<section class=\"elementor-section elementor-top-section elementor-element elementor-element-76ca7b6f elementor-section-boxed elementor-section-height-default elementor-section-height-default\" data-id=\"76ca7b6f\" data-element_type=\"section\" data-e-type=\"section\" data-settings=\"{&quot;background_background&quot;:&quot;gradient&quot;}\">\n\t\t\t\t\t\t\t<div class=\"elementor-background-overlay\"><\/div>\n\t\t\t\t\t\t\t<div class=\"elementor-container elementor-column-gap-default\">\n\t\t\t\t\t<div class=\"elementor-column elementor-col-100 elementor-top-column elementor-element elementor-element-216ecdf2\" data-id=\"216ecdf2\" data-element_type=\"column\" data-e-type=\"column\">\n\t\t\t<div class=\"elementor-widget-wrap elementor-element-populated\">\n\t\t\t\t\t\t<section class=\"elementor-section elementor-inner-section elementor-element elementor-element-10a15f53 elementor-section-content-middle elementor-section-boxed elementor-section-height-default elementor-section-height-default\" data-id=\"10a15f53\" data-element_type=\"section\" data-e-type=\"section\">\n\t\t\t\t\t\t<div class=\"elementor-container elementor-column-gap-default\">\n\t\t\t\t\t<div class=\"elementor-column elementor-col-100 elementor-inner-column elementor-element elementor-element-6ac9d375\" data-id=\"6ac9d375\" data-element_type=\"column\" data-e-type=\"column\">\n\t\t\t<div class=\"elementor-widget-wrap elementor-element-populated\">\n\t\t\t\t\t\t<div class=\"elementor-element elementor-element-2d5ba9b1 elementor-widget elementor-widget-breadcrumbs\" data-id=\"2d5ba9b1\" data-element_type=\"widget\" data-e-type=\"widget\" data-widget_type=\"breadcrumbs.default\">\n\t\t\t\t<div class=\"elementor-widget-container\">\n\t\t\t\t\t<p id=\"breadcrumbs\"><span><span><a href=\"https:\/\/tech4access.com\/it\/\">Home<\/a><\/span><\/span><\/p>\t\t\t\t<\/div>\n\t\t\t\t<\/div>\n\t\t\t\t\t<\/div>\n\t\t<\/div>\n\t\t\t\t\t<\/div>\n\t\t<\/section>\n\t\t\t\t<section class=\"elementor-section elementor-inner-section elementor-element elementor-element-1714be28 elementor-section-boxed elementor-section-height-default elementor-section-height-default\" data-id=\"1714be28\" data-element_type=\"section\" data-e-type=\"section\">\n\t\t\t\t\t\t<div class=\"elementor-container elementor-column-gap-default\">\n\t\t\t\t\t<div class=\"elementor-column elementor-col-50 elementor-inner-column elementor-element elementor-element-9ebfcc8\" data-id=\"9ebfcc8\" data-element_type=\"column\" data-e-type=\"column\">\n\t\t\t<div class=\"elementor-widget-wrap elementor-element-populated\">\n\t\t\t\t\t\t<div class=\"elementor-element elementor-element-456a59ef elementor-widget elementor-widget-heading\" data-id=\"456a59ef\" data-element_type=\"widget\" data-e-type=\"widget\" data-widget_type=\"heading.default\">\n\t\t\t\t<div class=\"elementor-widget-container\">\n\t\t\t\t\t<h1 class=\"elementor-heading-title elementor-size-default\">Politica sulla privacy<\/h1>\t\t\t\t<\/div>\n\t\t\t\t<\/div>\n\t\t\t\t\t<\/div>\n\t\t<\/div>\n\t\t\t\t<div class=\"elementor-column elementor-col-50 elementor-inner-column elementor-element elementor-element-e7fc6e8\" data-id=\"e7fc6e8\" data-element_type=\"column\" data-e-type=\"column\">\n\t\t\t<div class=\"elementor-widget-wrap\">\n\t\t\t\t\t\t\t<\/div>\n\t\t<\/div>\n\t\t\t\t\t<\/div>\n\t\t<\/section>\n\t\t\t\t\t<\/div>\n\t\t<\/div>\n\t\t\t\t\t<\/div>\n\t\t<\/section>\n\t\t\t\t<section class=\"elementor-section elementor-top-section elementor-element elementor-element-76aceed8 cont-legal elementor-section-boxed elementor-section-height-default elementor-section-height-default\" data-id=\"76aceed8\" data-element_type=\"section\" data-e-type=\"section\">\n\t\t\t\t\t\t<div class=\"elementor-container elementor-column-gap-default\">\n\t\t\t\t\t<div class=\"elementor-column elementor-col-100 elementor-top-column elementor-element elementor-element-7196a97d\" data-id=\"7196a97d\" data-element_type=\"column\" data-e-type=\"column\">\n\t\t\t<div class=\"elementor-widget-wrap elementor-element-populated\">\n\t\t\t\t\t\t<div class=\"elementor-element elementor-element-3f5cb349 elementor-widget elementor-widget-text-editor\" data-id=\"3f5cb349\" data-element_type=\"widget\" data-e-type=\"widget\" data-widget_type=\"text-editor.default\">\n\t\t\t\t<div class=\"elementor-widget-container\">\n\t\t\t\t\t\t\t\t\t<h2><span style=\"font-weight: 400;\">Politica sulla privacy<\/span><\/h2><h3><b>Responsabile del trattamento<\/b><\/h3><p><b><\/b>In conformit\u00e0 alla normativa legale vigente in materia di protezione dei dati personali, l&#8217;utente \u00e8 informato che i suoi dati saranno trattati da DISTRIBUTION AS A SERVICE EMEA, S.L., con CIF B98626963, di seguito denominato IL TITOLARE.<\/p><h3><b>Finalit\u00e0 del trattamento<\/b><\/h3><p><b>Modulo di contatto<\/b><\/p><p>La finalit\u00e0 del trattamento \u00e8 quella di rispondere alle richieste dell\u2019utente e di agevolare la gestione della relazione e del contatto con quest\u2019ultimo.<\/p><p>Un&#8217;altra finalit\u00e0 \u00e8 quella di inviare comunicazioni commerciali e di cortesia relative alla nostra entit\u00e0, tramite telefono, posta ordinaria, e-mail o mezzi di comunicazione elettronica equivalenti.<\/p><p>Se l&#8217;utente non spunta l&#8217;accettazione dell\u2019apposita casella prima dell&#8217;invio della richiesta di consulenza, non ricever\u00e0 comunicazioni commerciali e di interesse da parte di questa azienda, a prescindere dal fatto che la sua richiesta di consulenza sia stata presa in considerazione.<\/p><h3><b>Cessione dei dati<\/b><\/h3><p>L&#8217;utente accetta e acconsente al trattamento automatizzato dei suoi dati da parte del TITOLARE, che garantisce che i dati raccolti non saranno ceduti a terzi n\u00e9 utilizzati per fini commerciali diversi da quelli per i quali sono stati raccolti e che ogniqualvolta dovesse essere effettuata una cessione di dati personali, sar\u00e0 richiesto previamente il consenso espresso, informato e inequivocabile del titolare dei dati. I dati forniti saranno conservati per tutto il tempo in cui persiste il rapporto commerciale o per gli anni necessari per adempiere agli obblighi legali.<\/p><h3><b>Precisione e veridicit\u00e0 dei dati<\/b><\/h3><p>L&#8217;utente \u00e8 l&#8217;unico responsabile della veridicit\u00e0 e della correttezza dei dati inseriti e comunicati, esonerando il TITOLARE da qualsiasi responsabilit\u00e0 al riguardo.<\/p><h3><b>Misure di sicurezza<\/b><\/h3><p>Il RESPONSABILE ha adottato tutte le misure tecniche e organizzative necessarie per garantire la sicurezza e l&#8217;integrit\u00e0 dei dati personali che tratta, cos\u00ec come per prevenirne la perdita, alterazione e\/o accesso da parte di terzi non autorizzati.<\/p><p>Questo sito web pu\u00f2 contenere link ad altri siti web che potrebbero memorizzare informazioni sugli utenti. Il TITOLARE non si assume la responsabilit\u00e0 per la gestione delle informazioni dell&#8217;utente n\u00e9 per le condizioni di protezione dei dati e di riservatezza di altri siti web.<\/p><h3><b>Modifiche alla presente Politica sulla Privacy<\/b><\/h3><p>Il TITOLARE si riserva il diritto di modificare la sua Politica sulla Privacy, secondo il proprio criterio, o motivato da un cambiamento legislativo, giurisprudenziale o dottrinale dell&#8217;Agenzia Spagnola per la Protezione dei Dati. Ogni modifica alla Politica sulla Privacy sar\u00e0 pubblicata almeno dieci giorni prima della sua effettiva applicazione. L&#8217;uso del sito Web dopo tali cambiamenti implica l&#8217;accettazione di questi.<\/p><h3><strong>Periodo di cancellazione dei dati<\/strong><\/h3><p>I dati saranno conservati per il tempo necessario per adempiere allo scopo per il quale sono stati raccolti e per determinare le possibili responsabilit\u00e0 che potrebbero derivare da tale finalit\u00e0 e dal trattamento dei dati.<\/p><h3><strong>Diritti dell&#8217;utente<\/strong><\/h3><p>Vi informiamo che \u00e8 possibile esercitare i diritti di accesso, rettifica, cancellazione e, se del caso, opposizione e portabilit\u00e0 dei dati, cos\u00ec come la limitazione del loro trattamento, inviando una richiesta accompagnata da un documento identificativo all&#8217;indirizzo: info@tech4access.com. Inoltre, vi informiamo che avete la possibilit\u00e0 di esercitare il vostro diritto di presentare un reclamo all&#8217;Autorit\u00e0 di Controllo competente in materia di Protezione dei Dati, se non ottenete soddisfazione nell&#8217;esercizio dei vostri diritti.<\/p>\t\t\t\t\t\t\t\t<\/div>\n\t\t\t\t<\/div>\n\t\t\t\t\t<\/div>\n\t\t<\/div>\n\t\t\t\t\t<\/div>\n\t\t<\/section>\n\t\t\t\t<\/div>\n\t\t","protected":false},"excerpt":{"rendered":"<p>Politica sulla privacy Responsabile del trattamento In conformit\u00e0 alla normativa legale vigente in materia di protezione dei dati personali, l&#8217;utente \u00e8 informato che i suoi dati saranno trattati da DISTRIBUTION AS A SERVICE EMEA, S.L., con CIF B98626963, di seguito denominato IL TITOLARE. Finalit\u00e0 del trattamento Modulo di contatto La finalit\u00e0 del trattamento \u00e8 quella [&hellip;]<\/p>\n","protected":false},"author":3,"featured_media":0,"parent":0,"menu_order":0,"comment_status":"closed","ping_status":"closed","template":"elementor_header_footer","meta":{"_acf_changed":false,"ocean_post_layout":"","ocean_both_sidebars_style":"","ocean_both_sidebars_content_width":0,"ocean_both_sidebars_sidebars_width":0,"ocean_sidebar":"0","ocean_second_sidebar":"0","ocean_disable_margins":"enable","ocean_add_body_class":"","ocean_shortcode_before_top_bar":"","ocean_shortcode_after_top_bar":"","ocean_shortcode_before_header":"","ocean_shortcode_after_header":"","ocean_has_shortcode":"","ocean_shortcode_after_title":"","ocean_shortcode_before_footer_widgets":"","ocean_shortcode_after_footer_widgets":"","ocean_shortcode_before_footer_bottom":"","ocean_shortcode_after_footer_bottom":"","ocean_display_top_bar":"default","ocean_display_header":"default","ocean_header_style":"","ocean_center_header_left_menu":"0","ocean_custom_header_template":"0","ocean_custom_logo":0,"ocean_custom_retina_logo":0,"ocean_custom_logo_max_width":0,"ocean_custom_logo_tablet_max_width":0,"ocean_custom_logo_mobile_max_width":0,"ocean_custom_logo_max_height":0,"ocean_custom_logo_tablet_max_height":0,"ocean_custom_logo_mobile_max_height":0,"ocean_header_custom_menu":"0","ocean_menu_typo_font_family":"0","ocean_menu_typo_font_subset":"","ocean_menu_typo_font_size":0,"ocean_menu_typo_font_size_tablet":0,"ocean_menu_typo_font_size_mobile":0,"ocean_menu_typo_font_size_unit":"px","ocean_menu_typo_font_weight":"","ocean_menu_typo_font_weight_tablet":"","ocean_menu_typo_font_weight_mobile":"","ocean_menu_typo_transform":"","ocean_menu_typo_transform_tablet":"","ocean_menu_typo_transform_mobile":"","ocean_menu_typo_line_height":0,"ocean_menu_typo_line_height_tablet":0,"ocean_menu_typo_line_height_mobile":0,"ocean_menu_typo_line_height_unit":"","ocean_menu_typo_spacing":0,"ocean_menu_typo_spacing_tablet":0,"ocean_menu_typo_spacing_mobile":0,"ocean_menu_typo_spacing_unit":"","ocean_menu_link_color":"","ocean_menu_link_color_hover":"","ocean_menu_link_color_active":"","ocean_menu_link_background":"","ocean_menu_link_hover_background":"","ocean_menu_link_active_background":"","ocean_menu_social_links_bg":"","ocean_menu_social_hover_links_bg":"","ocean_menu_social_links_color":"","ocean_menu_social_hover_links_color":"","ocean_disable_title":"default","ocean_disable_heading":"default","ocean_post_title":"","ocean_post_subheading":"","ocean_post_title_style":"","ocean_post_title_background_color":"","ocean_post_title_background":0,"ocean_post_title_bg_image_position":"","ocean_post_title_bg_image_attachment":"","ocean_post_title_bg_image_repeat":"","ocean_post_title_bg_image_size":"","ocean_post_title_height":0,"ocean_post_title_bg_overlay":0.5,"ocean_post_title_bg_overlay_color":"","ocean_disable_breadcrumbs":"default","ocean_breadcrumbs_color":"","ocean_breadcrumbs_separator_color":"","ocean_breadcrumbs_links_color":"","ocean_breadcrumbs_links_hover_color":"","ocean_display_footer_widgets":"default","ocean_display_footer_bottom":"default","ocean_custom_footer_template":"0","footnotes":""},"class_list":["post-5971","page","type-page","status-publish","hentry","entry"],"acf":[],"yoast_head":"<!-- This site is optimized with the Yoast SEO Premium plugin v26.4 (Yoast SEO v27.3) - https:\/\/yoast.com\/product\/yoast-seo-premium-wordpress\/ -->\n<title>Politica sulla privacy | Tech4access<\/title>\n<meta name=\"robots\" content=\"noindex, follow\" \/>\n<meta property=\"og:locale\" content=\"it_IT\" \/>\n<meta property=\"og:type\" content=\"article\" \/>\n<meta property=\"og:title\" content=\"Politica sulla privacy\" \/>\n<meta property=\"og:description\" content=\"Politica sulla privacy Responsabile del trattamento In conformit\u00e0 alla normativa legale vigente in materia di protezione dei dati personali, l&#8217;utente \u00e8 informato che i suoi dati saranno trattati da DISTRIBUTION AS A SERVICE EMEA, S.L., con CIF B98626963, di seguito denominato IL TITOLARE. Finalit\u00e0 del trattamento Modulo di contatto La finalit\u00e0 del trattamento \u00e8 quella [&hellip;]\" \/>\n<meta property=\"og:url\" content=\"https:\/\/tech4access.com\/it\/politica-sulla-privacy\/\" \/>\n<meta property=\"og:site_name\" content=\"Tech4access\" \/>\n<meta property=\"article:publisher\" content=\"https:\/\/www.linkedin.com\/company\/tech4access\/\" \/>\n<meta property=\"article:modified_time\" content=\"2023-08-10T09:15:24+00:00\" \/>\n<meta name=\"twitter:card\" content=\"summary_large_image\" \/>\n<meta name=\"twitter:label1\" content=\"Tempo di lettura stimato\" \/>\n\t<meta name=\"twitter:data1\" content=\"3 minuti\" \/>\n<script type=\"application\/ld+json\" class=\"yoast-schema-graph\">{\"@context\":\"https:\\\/\\\/schema.org\",\"@graph\":[{\"@type\":\"WebPage\",\"@id\":\"https:\\\/\\\/tech4access.com\\\/it\\\/politica-sulla-privacy\\\/\",\"url\":\"https:\\\/\\\/tech4access.com\\\/it\\\/politica-sulla-privacy\\\/\",\"name\":\"Politica sulla privacy | Tech4access\",\"isPartOf\":{\"@id\":\"https:\\\/\\\/tech4access.com\\\/it\\\/#website\"},\"datePublished\":\"2023-08-10T09:09:45+00:00\",\"dateModified\":\"2023-08-10T09:15:24+00:00\",\"breadcrumb\":{\"@id\":\"https:\\\/\\\/tech4access.com\\\/it\\\/politica-sulla-privacy\\\/#breadcrumb\"},\"inLanguage\":\"it-IT\",\"potentialAction\":[{\"@type\":\"ReadAction\",\"target\":[\"https:\\\/\\\/tech4access.com\\\/it\\\/politica-sulla-privacy\\\/\"]}]},{\"@type\":\"BreadcrumbList\",\"@id\":\"https:\\\/\\\/tech4access.com\\\/it\\\/politica-sulla-privacy\\\/#breadcrumb\",\"itemListElement\":[{\"@type\":\"ListItem\",\"position\":1,\"name\":\"Home\",\"item\":\"https:\\\/\\\/tech4access.com\\\/it\\\/\"},{\"@type\":\"ListItem\",\"position\":2,\"name\":\"Politica sulla privacy\"}]},{\"@type\":\"WebSite\",\"@id\":\"https:\\\/\\\/tech4access.com\\\/it\\\/#website\",\"url\":\"https:\\\/\\\/tech4access.com\\\/it\\\/\",\"name\":\"Tech4access\",\"description\":\"Soluciones de usabilidad y accesibilidad web\",\"publisher\":{\"@id\":\"https:\\\/\\\/tech4access.com\\\/it\\\/#organization\"},\"potentialAction\":[{\"@type\":\"SearchAction\",\"target\":{\"@type\":\"EntryPoint\",\"urlTemplate\":\"https:\\\/\\\/tech4access.com\\\/it\\\/?s={search_term_string}\"},\"query-input\":{\"@type\":\"PropertyValueSpecification\",\"valueRequired\":true,\"valueName\":\"search_term_string\"}}],\"inLanguage\":\"it-IT\"},{\"@type\":\"Organization\",\"@id\":\"https:\\\/\\\/tech4access.com\\\/it\\\/#organization\",\"name\":\"Tech4access\",\"url\":\"https:\\\/\\\/tech4access.com\\\/it\\\/\",\"logo\":{\"@type\":\"ImageObject\",\"inLanguage\":\"it-IT\",\"@id\":\"https:\\\/\\\/tech4access.com\\\/it\\\/#\\\/schema\\\/logo\\\/image\\\/\",\"url\":\"https:\\\/\\\/tech4access.com\\\/wp-content\\\/uploads\\\/2024\\\/12\\\/Marca-Tech4Acces_Positivo.png\",\"contentUrl\":\"https:\\\/\\\/tech4access.com\\\/wp-content\\\/uploads\\\/2024\\\/12\\\/Marca-Tech4Acces_Positivo.png\",\"width\":1754,\"height\":1241,\"caption\":\"Tech4access\"},\"image\":{\"@id\":\"https:\\\/\\\/tech4access.com\\\/it\\\/#\\\/schema\\\/logo\\\/image\\\/\"},\"sameAs\":[\"https:\\\/\\\/www.linkedin.com\\\/company\\\/tech4access\\\/\"]}]}<\/script>\n<!-- \/ Yoast SEO Premium plugin. -->","yoast_head_json":{"title":"Politica sulla privacy | Tech4access","robots":{"index":"noindex","follow":"follow"},"og_locale":"it_IT","og_type":"article","og_title":"Politica sulla privacy","og_description":"Politica sulla privacy Responsabile del trattamento In conformit\u00e0 alla normativa legale vigente in materia di protezione dei dati personali, l&#8217;utente \u00e8 informato che i suoi dati saranno trattati da DISTRIBUTION AS A SERVICE EMEA, S.L., con CIF B98626963, di seguito denominato IL TITOLARE. Finalit\u00e0 del trattamento Modulo di contatto La finalit\u00e0 del trattamento \u00e8 quella [&hellip;]","og_url":"https:\/\/tech4access.com\/it\/politica-sulla-privacy\/","og_site_name":"Tech4access","article_publisher":"https:\/\/www.linkedin.com\/company\/tech4access\/","article_modified_time":"2023-08-10T09:15:24+00:00","twitter_card":"summary_large_image","twitter_misc":{"Tempo di lettura stimato":"3 minuti"},"schema":{"@context":"https:\/\/schema.org","@graph":[{"@type":"WebPage","@id":"https:\/\/tech4access.com\/it\/politica-sulla-privacy\/","url":"https:\/\/tech4access.com\/it\/politica-sulla-privacy\/","name":"Politica sulla privacy | Tech4access","isPartOf":{"@id":"https:\/\/tech4access.com\/it\/#website"},"datePublished":"2023-08-10T09:09:45+00:00","dateModified":"2023-08-10T09:15:24+00:00","breadcrumb":{"@id":"https:\/\/tech4access.com\/it\/politica-sulla-privacy\/#breadcrumb"},"inLanguage":"it-IT","potentialAction":[{"@type":"ReadAction","target":["https:\/\/tech4access.com\/it\/politica-sulla-privacy\/"]}]},{"@type":"BreadcrumbList","@id":"https:\/\/tech4access.com\/it\/politica-sulla-privacy\/#breadcrumb","itemListElement":[{"@type":"ListItem","position":1,"name":"Home","item":"https:\/\/tech4access.com\/it\/"},{"@type":"ListItem","position":2,"name":"Politica sulla privacy"}]},{"@type":"WebSite","@id":"https:\/\/tech4access.com\/it\/#website","url":"https:\/\/tech4access.com\/it\/","name":"Tech4access","description":"Soluciones de usabilidad y accesibilidad web","publisher":{"@id":"https:\/\/tech4access.com\/it\/#organization"},"potentialAction":[{"@type":"SearchAction","target":{"@type":"EntryPoint","urlTemplate":"https:\/\/tech4access.com\/it\/?s={search_term_string}"},"query-input":{"@type":"PropertyValueSpecification","valueRequired":true,"valueName":"search_term_string"}}],"inLanguage":"it-IT"},{"@type":"Organization","@id":"https:\/\/tech4access.com\/it\/#organization","name":"Tech4access","url":"https:\/\/tech4access.com\/it\/","logo":{"@type":"ImageObject","inLanguage":"it-IT","@id":"https:\/\/tech4access.com\/it\/#\/schema\/logo\/image\/","url":"https:\/\/tech4access.com\/wp-content\/uploads\/2024\/12\/Marca-Tech4Acces_Positivo.png","contentUrl":"https:\/\/tech4access.com\/wp-content\/uploads\/2024\/12\/Marca-Tech4Acces_Positivo.png","width":1754,"height":1241,"caption":"Tech4access"},"image":{"@id":"https:\/\/tech4access.com\/it\/#\/schema\/logo\/image\/"},"sameAs":["https:\/\/www.linkedin.com\/company\/tech4access\/"]}]}},"_links":{"self":[{"href":"https:\/\/tech4access.com\/it\/wp-json\/wp\/v2\/pages\/5971","targetHints":{"allow":["GET"]}}],"collection":[{"href":"https:\/\/tech4access.com\/it\/wp-json\/wp\/v2\/pages"}],"about":[{"href":"https:\/\/tech4access.com\/it\/wp-json\/wp\/v2\/types\/page"}],"author":[{"embeddable":true,"href":"https:\/\/tech4access.com\/it\/wp-json\/wp\/v2\/users\/3"}],"replies":[{"embeddable":true,"href":"https:\/\/tech4access.com\/it\/wp-json\/wp\/v2\/comments?post=5971"}],"version-history":[{"count":5,"href":"https:\/\/tech4access.com\/it\/wp-json\/wp\/v2\/pages\/5971\/revisions"}],"predecessor-version":[{"id":5976,"href":"https:\/\/tech4access.com\/it\/wp-json\/wp\/v2\/pages\/5971\/revisions\/5976"}],"wp:attachment":[{"href":"https:\/\/tech4access.com\/it\/wp-json\/wp\/v2\/media?parent=5971"}],"curies":[{"name":"wp","href":"https:\/\/api.w.org\/{rel}","templated":true}]}}