{"id":5965,"date":"2023-08-10T11:01:24","date_gmt":"2023-08-10T09:01:24","guid":{"rendered":"https:\/\/tech4access.com\/?page_id=5965"},"modified":"2023-08-16T12:38:44","modified_gmt":"2023-08-16T10:38:44","slug":"note-legali","status":"publish","type":"page","link":"https:\/\/tech4access.com\/it\/note-legali\/","title":{"rendered":"Note Legali"},"content":{"rendered":"\t\t<div data-elementor-type=\"wp-page\" data-elementor-id=\"5965\" class=\"elementor elementor-5965\" data-elementor-post-type=\"page\">\n\t\t\t\t\t\t<section class=\"elementor-section elementor-top-section elementor-element elementor-element-bd8a7ba elementor-section-boxed elementor-section-height-default elementor-section-height-default\" data-id=\"bd8a7ba\" data-element_type=\"section\" data-e-type=\"section\" data-settings=\"{&quot;background_background&quot;:&quot;gradient&quot;}\">\n\t\t\t\t\t\t\t<div class=\"elementor-background-overlay\"><\/div>\n\t\t\t\t\t\t\t<div class=\"elementor-container elementor-column-gap-default\">\n\t\t\t\t\t<div class=\"elementor-column elementor-col-100 elementor-top-column elementor-element elementor-element-64607678\" data-id=\"64607678\" data-element_type=\"column\" data-e-type=\"column\">\n\t\t\t<div class=\"elementor-widget-wrap elementor-element-populated\">\n\t\t\t\t\t\t<section class=\"elementor-section elementor-inner-section elementor-element elementor-element-2c0fb34f elementor-section-content-middle elementor-section-boxed elementor-section-height-default elementor-section-height-default\" data-id=\"2c0fb34f\" data-element_type=\"section\" data-e-type=\"section\">\n\t\t\t\t\t\t<div class=\"elementor-container elementor-column-gap-default\">\n\t\t\t\t\t<div class=\"elementor-column elementor-col-100 elementor-inner-column elementor-element elementor-element-32b2c94b\" data-id=\"32b2c94b\" data-element_type=\"column\" data-e-type=\"column\">\n\t\t\t<div class=\"elementor-widget-wrap elementor-element-populated\">\n\t\t\t\t\t\t<div class=\"elementor-element elementor-element-9b09033 elementor-widget elementor-widget-breadcrumbs\" data-id=\"9b09033\" data-element_type=\"widget\" data-e-type=\"widget\" data-widget_type=\"breadcrumbs.default\">\n\t\t\t\t<div class=\"elementor-widget-container\">\n\t\t\t\t\t<p id=\"breadcrumbs\"><span><span><a href=\"https:\/\/tech4access.com\/it\/\">Home<\/a><\/span><\/span><\/p>\t\t\t\t<\/div>\n\t\t\t\t<\/div>\n\t\t\t\t\t<\/div>\n\t\t<\/div>\n\t\t\t\t\t<\/div>\n\t\t<\/section>\n\t\t\t\t<section class=\"elementor-section elementor-inner-section elementor-element elementor-element-237c22df elementor-section-boxed elementor-section-height-default elementor-section-height-default\" data-id=\"237c22df\" data-element_type=\"section\" data-e-type=\"section\">\n\t\t\t\t\t\t<div class=\"elementor-container elementor-column-gap-default\">\n\t\t\t\t\t<div class=\"elementor-column elementor-col-50 elementor-inner-column elementor-element elementor-element-51f988f6\" data-id=\"51f988f6\" data-element_type=\"column\" data-e-type=\"column\">\n\t\t\t<div class=\"elementor-widget-wrap elementor-element-populated\">\n\t\t\t\t\t\t<div class=\"elementor-element elementor-element-7155b039 elementor-widget elementor-widget-heading\" data-id=\"7155b039\" data-element_type=\"widget\" data-e-type=\"widget\" data-widget_type=\"heading.default\">\n\t\t\t\t<div class=\"elementor-widget-container\">\n\t\t\t\t\t<h1 class=\"elementor-heading-title elementor-size-default\">Note Legali<\/h1>\t\t\t\t<\/div>\n\t\t\t\t<\/div>\n\t\t\t\t\t<\/div>\n\t\t<\/div>\n\t\t\t\t<div class=\"elementor-column elementor-col-50 elementor-inner-column elementor-element elementor-element-238a58a0\" data-id=\"238a58a0\" data-element_type=\"column\" data-e-type=\"column\">\n\t\t\t<div class=\"elementor-widget-wrap\">\n\t\t\t\t\t\t\t<\/div>\n\t\t<\/div>\n\t\t\t\t\t<\/div>\n\t\t<\/section>\n\t\t\t\t\t<\/div>\n\t\t<\/div>\n\t\t\t\t\t<\/div>\n\t\t<\/section>\n\t\t\t\t<section class=\"elementor-section elementor-top-section elementor-element elementor-element-23a96a4a cont-legal elementor-section-boxed elementor-section-height-default elementor-section-height-default\" data-id=\"23a96a4a\" data-element_type=\"section\" data-e-type=\"section\">\n\t\t\t\t\t\t<div class=\"elementor-container elementor-column-gap-default\">\n\t\t\t\t\t<div class=\"elementor-column elementor-col-100 elementor-top-column elementor-element elementor-element-1fddf800\" data-id=\"1fddf800\" data-element_type=\"column\" data-e-type=\"column\">\n\t\t\t<div class=\"elementor-widget-wrap elementor-element-populated\">\n\t\t\t\t\t\t<div class=\"elementor-element elementor-element-5847fb81 elementor-widget elementor-widget-text-editor\" data-id=\"5847fb81\" data-element_type=\"widget\" data-e-type=\"widget\" data-widget_type=\"text-editor.default\">\n\t\t\t\t<div class=\"elementor-widget-container\">\n\t\t\t\t\t\t\t\t\t<h2 id=\"i4t-id-5\" aria-hidden=\"true\"><span style=\"font-weight: 400;\">Note Legali<\/span><\/h2><p role=\"region\" aria-labelledby=\"i4t-id-5\">Al fine di adempiere alle disposizioni di cui all&#8217;articolo 10 della Legge 34\/2002, del 11 luglio, sui Servizi della Societ\u00e0 dell&#8217;Informazione e del Commercio Elettronico, vi forniamo i seguenti dati di informazione generale:<\/p><p role=\"region\" aria-labelledby=\"i4t-id-5\"><strong>Nome o denominazione sociale<\/strong>: DISTRIBUTION AS A SERVICE EMEA SL<br \/><strong>Sede<\/strong>: Calle Santa Genoveva Torres 17, 3, 25, CP 46019, Valencia.<br \/><strong>Dati di registrazione<\/strong>: Registro delle Imprese di VALENCIA Volume 9780, Foglio 7, Pagina V-159057, Iscrizione 1<br \/><strong>N.I.F.<\/strong>: B98626963<br \/><strong>Telefono<\/strong>: 960010158<br \/><strong>E-mail<\/strong>: info@tech4access.com<\/p><div class=\"i4t-include-i4t-class-englobarPorH3NotHome\" style=\"display: grid;\" role=\"region\" aria-labelledby=\"i4t-id-3\"><h3 id=\"i4t-id-3\" class=\"i4t-class-englobarPorH3NotHome-0 i4t-reference-include\"><b>Legislazione Applicabile<\/b><\/h3><p><b><\/b>Le presenti Note Legali sono regolate in tutti i loro aspetti dalla legge spagnola, con le parti che rinunciano espressamente alla propria giurisdizione e si sottomettono ai Tribunali di Valencia.<\/p><\/div><div class=\"i4t-include-i4t-class-englobarPorH3NotHome\" style=\"display: grid;\" role=\"region\" aria-labelledby=\"i4t-id-4\"><h3 id=\"i4t-id-4\" class=\"i4t-class-englobarPorH3NotHome-1 i4t-reference-include\"><b>Propriet\u00e0 Intellettuale e Industriale<\/b><\/h3><p>Tutti i contenuti del presente sito web, compreso, a titolo esemplificativo e non esaustivo, testi, grafici, immagini, il loro design e i diritti di propriet\u00e0 intellettuale che potrebbero corrispondere a tali contenuti, cos\u00ec come tutti i marchi, nomi commerciali o qualsiasi altro segno distintivo sono di propriet\u00e0 di questa azienda, riservandosi tutti i diritti su di essi.<\/p><p>\u00c8 vietata qualsiasi azione di riproduzione dei contenuti, in tutto o in parte, in qualsiasi forma o mezzo, sia meccanico, elettronico, reprografico o altro, cos\u00ec come qualsiasi atto di diffusione, comunicazione pubblica o distribuzione, senza la previa autorizzazione scritta di questa azienda.<\/p><p>Questa azienda non sar\u00e0 responsabile per i danni che potrebbero derivare dall&#8217;utilizzo dei contenuti da parte degli utenti o dalla violazione da parte di questi di qualsiasi disposizione legale vigente.<\/p><p><b style=\"color: #029fcc; font-family: Ubuntu; font-size: 24px;\">Links<\/b><span style=\"font-weight: 400;\"><br \/><\/span><\/p><p>Questa azienda non si assume alcuna responsabilit\u00e0 per i link esterni che, eventualmente, potrebbero essere inclusi nel portale, poich\u00e9 non ha alcun controllo su di essi, quindi l&#8217;utente accede al contenuto e alle condizioni di utilizzo che regolano questi link sotto la sua esclusiva responsabilit\u00e0.<\/p><\/div>\t\t\t\t\t\t\t\t<\/div>\n\t\t\t\t<\/div>\n\t\t\t\t\t<\/div>\n\t\t<\/div>\n\t\t\t\t\t<\/div>\n\t\t<\/section>\n\t\t\t\t<\/div>\n\t\t","protected":false},"excerpt":{"rendered":"<p>Note Legali Al fine di adempiere alle disposizioni di cui all&#8217;articolo 10 della Legge 34\/2002, del 11 luglio, sui Servizi della Societ\u00e0 dell&#8217;Informazione e del Commercio Elettronico, vi forniamo i seguenti dati di informazione generale: Nome o denominazione sociale: DISTRIBUTION AS A SERVICE EMEA SL Sede: Calle Santa Genoveva Torres 17, 3, 25, CP 46019, [&hellip;]<\/p>\n","protected":false},"author":3,"featured_media":0,"parent":0,"menu_order":0,"comment_status":"closed","ping_status":"closed","template":"elementor_header_footer","meta":{"_acf_changed":false,"ocean_post_layout":"","ocean_both_sidebars_style":"","ocean_both_sidebars_content_width":0,"ocean_both_sidebars_sidebars_width":0,"ocean_sidebar":"0","ocean_second_sidebar":"0","ocean_disable_margins":"enable","ocean_add_body_class":"","ocean_shortcode_before_top_bar":"","ocean_shortcode_after_top_bar":"","ocean_shortcode_before_header":"","ocean_shortcode_after_header":"","ocean_has_shortcode":"","ocean_shortcode_after_title":"","ocean_shortcode_before_footer_widgets":"","ocean_shortcode_after_footer_widgets":"","ocean_shortcode_before_footer_bottom":"","ocean_shortcode_after_footer_bottom":"","ocean_display_top_bar":"default","ocean_display_header":"default","ocean_header_style":"","ocean_center_header_left_menu":"0","ocean_custom_header_template":"0","ocean_custom_logo":0,"ocean_custom_retina_logo":0,"ocean_custom_logo_max_width":0,"ocean_custom_logo_tablet_max_width":0,"ocean_custom_logo_mobile_max_width":0,"ocean_custom_logo_max_height":0,"ocean_custom_logo_tablet_max_height":0,"ocean_custom_logo_mobile_max_height":0,"ocean_header_custom_menu":"0","ocean_menu_typo_font_family":"0","ocean_menu_typo_font_subset":"","ocean_menu_typo_font_size":0,"ocean_menu_typo_font_size_tablet":0,"ocean_menu_typo_font_size_mobile":0,"ocean_menu_typo_font_size_unit":"px","ocean_menu_typo_font_weight":"","ocean_menu_typo_font_weight_tablet":"","ocean_menu_typo_font_weight_mobile":"","ocean_menu_typo_transform":"","ocean_menu_typo_transform_tablet":"","ocean_menu_typo_transform_mobile":"","ocean_menu_typo_line_height":0,"ocean_menu_typo_line_height_tablet":0,"ocean_menu_typo_line_height_mobile":0,"ocean_menu_typo_line_height_unit":"","ocean_menu_typo_spacing":0,"ocean_menu_typo_spacing_tablet":0,"ocean_menu_typo_spacing_mobile":0,"ocean_menu_typo_spacing_unit":"","ocean_menu_link_color":"","ocean_menu_link_color_hover":"","ocean_menu_link_color_active":"","ocean_menu_link_background":"","ocean_menu_link_hover_background":"","ocean_menu_link_active_background":"","ocean_menu_social_links_bg":"","ocean_menu_social_hover_links_bg":"","ocean_menu_social_links_color":"","ocean_menu_social_hover_links_color":"","ocean_disable_title":"default","ocean_disable_heading":"default","ocean_post_title":"","ocean_post_subheading":"","ocean_post_title_style":"","ocean_post_title_background_color":"","ocean_post_title_background":0,"ocean_post_title_bg_image_position":"","ocean_post_title_bg_image_attachment":"","ocean_post_title_bg_image_repeat":"","ocean_post_title_bg_image_size":"","ocean_post_title_height":0,"ocean_post_title_bg_overlay":0.5,"ocean_post_title_bg_overlay_color":"","ocean_disable_breadcrumbs":"default","ocean_breadcrumbs_color":"","ocean_breadcrumbs_separator_color":"","ocean_breadcrumbs_links_color":"","ocean_breadcrumbs_links_hover_color":"","ocean_display_footer_widgets":"default","ocean_display_footer_bottom":"default","ocean_custom_footer_template":"0","footnotes":""},"class_list":["post-5965","page","type-page","status-publish","hentry","entry"],"acf":[],"yoast_head":"<!-- This site is optimized with the Yoast SEO Premium plugin v26.4 (Yoast SEO v27.3) - https:\/\/yoast.com\/product\/yoast-seo-premium-wordpress\/ -->\n<title>Note Legali | Tech4access<\/title>\n<meta name=\"robots\" content=\"noindex, follow\" \/>\n<meta property=\"og:locale\" content=\"it_IT\" \/>\n<meta property=\"og:type\" content=\"article\" \/>\n<meta property=\"og:title\" content=\"Note Legali\" \/>\n<meta property=\"og:description\" content=\"Note Legali Al fine di adempiere alle disposizioni di cui all&#8217;articolo 10 della Legge 34\/2002, del 11 luglio, sui Servizi della Societ\u00e0 dell&#8217;Informazione e del Commercio Elettronico, vi forniamo i seguenti dati di informazione generale: Nome o denominazione sociale: DISTRIBUTION AS A SERVICE EMEA SL Sede: Calle Santa Genoveva Torres 17, 3, 25, CP 46019, [&hellip;]\" \/>\n<meta property=\"og:url\" content=\"https:\/\/tech4access.com\/it\/note-legali\/\" \/>\n<meta property=\"og:site_name\" content=\"Tech4access\" \/>\n<meta property=\"article:publisher\" content=\"https:\/\/www.linkedin.com\/company\/tech4access\/\" \/>\n<meta property=\"article:modified_time\" content=\"2023-08-16T10:38:44+00:00\" \/>\n<meta name=\"twitter:card\" content=\"summary_large_image\" \/>\n<script type=\"application\/ld+json\" class=\"yoast-schema-graph\">{\"@context\":\"https:\\\/\\\/schema.org\",\"@graph\":[{\"@type\":\"WebPage\",\"@id\":\"https:\\\/\\\/tech4access.com\\\/it\\\/note-legali\\\/\",\"url\":\"https:\\\/\\\/tech4access.com\\\/it\\\/note-legali\\\/\",\"name\":\"Note Legali | Tech4access\",\"isPartOf\":{\"@id\":\"https:\\\/\\\/tech4access.com\\\/it\\\/#website\"},\"datePublished\":\"2023-08-10T09:01:24+00:00\",\"dateModified\":\"2023-08-16T10:38:44+00:00\",\"breadcrumb\":{\"@id\":\"https:\\\/\\\/tech4access.com\\\/it\\\/note-legali\\\/#breadcrumb\"},\"inLanguage\":\"it-IT\",\"potentialAction\":[{\"@type\":\"ReadAction\",\"target\":[\"https:\\\/\\\/tech4access.com\\\/it\\\/note-legali\\\/\"]}]},{\"@type\":\"BreadcrumbList\",\"@id\":\"https:\\\/\\\/tech4access.com\\\/it\\\/note-legali\\\/#breadcrumb\",\"itemListElement\":[{\"@type\":\"ListItem\",\"position\":1,\"name\":\"Home\",\"item\":\"https:\\\/\\\/tech4access.com\\\/it\\\/\"},{\"@type\":\"ListItem\",\"position\":2,\"name\":\"Note Legali\"}]},{\"@type\":\"WebSite\",\"@id\":\"https:\\\/\\\/tech4access.com\\\/it\\\/#website\",\"url\":\"https:\\\/\\\/tech4access.com\\\/it\\\/\",\"name\":\"Tech4access\",\"description\":\"Soluciones de usabilidad y accesibilidad web\",\"publisher\":{\"@id\":\"https:\\\/\\\/tech4access.com\\\/it\\\/#organization\"},\"potentialAction\":[{\"@type\":\"SearchAction\",\"target\":{\"@type\":\"EntryPoint\",\"urlTemplate\":\"https:\\\/\\\/tech4access.com\\\/it\\\/?s={search_term_string}\"},\"query-input\":{\"@type\":\"PropertyValueSpecification\",\"valueRequired\":true,\"valueName\":\"search_term_string\"}}],\"inLanguage\":\"it-IT\"},{\"@type\":\"Organization\",\"@id\":\"https:\\\/\\\/tech4access.com\\\/it\\\/#organization\",\"name\":\"Tech4access\",\"url\":\"https:\\\/\\\/tech4access.com\\\/it\\\/\",\"logo\":{\"@type\":\"ImageObject\",\"inLanguage\":\"it-IT\",\"@id\":\"https:\\\/\\\/tech4access.com\\\/it\\\/#\\\/schema\\\/logo\\\/image\\\/\",\"url\":\"https:\\\/\\\/tech4access.com\\\/wp-content\\\/uploads\\\/2024\\\/12\\\/Marca-Tech4Acces_Positivo.png\",\"contentUrl\":\"https:\\\/\\\/tech4access.com\\\/wp-content\\\/uploads\\\/2024\\\/12\\\/Marca-Tech4Acces_Positivo.png\",\"width\":1754,\"height\":1241,\"caption\":\"Tech4access\"},\"image\":{\"@id\":\"https:\\\/\\\/tech4access.com\\\/it\\\/#\\\/schema\\\/logo\\\/image\\\/\"},\"sameAs\":[\"https:\\\/\\\/www.linkedin.com\\\/company\\\/tech4access\\\/\"]}]}<\/script>\n<!-- \/ Yoast SEO Premium plugin. -->","yoast_head_json":{"title":"Note Legali | Tech4access","robots":{"index":"noindex","follow":"follow"},"og_locale":"it_IT","og_type":"article","og_title":"Note Legali","og_description":"Note Legali Al fine di adempiere alle disposizioni di cui all&#8217;articolo 10 della Legge 34\/2002, del 11 luglio, sui Servizi della Societ\u00e0 dell&#8217;Informazione e del Commercio Elettronico, vi forniamo i seguenti dati di informazione generale: Nome o denominazione sociale: DISTRIBUTION AS A SERVICE EMEA SL Sede: Calle Santa Genoveva Torres 17, 3, 25, CP 46019, [&hellip;]","og_url":"https:\/\/tech4access.com\/it\/note-legali\/","og_site_name":"Tech4access","article_publisher":"https:\/\/www.linkedin.com\/company\/tech4access\/","article_modified_time":"2023-08-16T10:38:44+00:00","twitter_card":"summary_large_image","schema":{"@context":"https:\/\/schema.org","@graph":[{"@type":"WebPage","@id":"https:\/\/tech4access.com\/it\/note-legali\/","url":"https:\/\/tech4access.com\/it\/note-legali\/","name":"Note Legali | Tech4access","isPartOf":{"@id":"https:\/\/tech4access.com\/it\/#website"},"datePublished":"2023-08-10T09:01:24+00:00","dateModified":"2023-08-16T10:38:44+00:00","breadcrumb":{"@id":"https:\/\/tech4access.com\/it\/note-legali\/#breadcrumb"},"inLanguage":"it-IT","potentialAction":[{"@type":"ReadAction","target":["https:\/\/tech4access.com\/it\/note-legali\/"]}]},{"@type":"BreadcrumbList","@id":"https:\/\/tech4access.com\/it\/note-legali\/#breadcrumb","itemListElement":[{"@type":"ListItem","position":1,"name":"Home","item":"https:\/\/tech4access.com\/it\/"},{"@type":"ListItem","position":2,"name":"Note Legali"}]},{"@type":"WebSite","@id":"https:\/\/tech4access.com\/it\/#website","url":"https:\/\/tech4access.com\/it\/","name":"Tech4access","description":"Soluciones de usabilidad y accesibilidad web","publisher":{"@id":"https:\/\/tech4access.com\/it\/#organization"},"potentialAction":[{"@type":"SearchAction","target":{"@type":"EntryPoint","urlTemplate":"https:\/\/tech4access.com\/it\/?s={search_term_string}"},"query-input":{"@type":"PropertyValueSpecification","valueRequired":true,"valueName":"search_term_string"}}],"inLanguage":"it-IT"},{"@type":"Organization","@id":"https:\/\/tech4access.com\/it\/#organization","name":"Tech4access","url":"https:\/\/tech4access.com\/it\/","logo":{"@type":"ImageObject","inLanguage":"it-IT","@id":"https:\/\/tech4access.com\/it\/#\/schema\/logo\/image\/","url":"https:\/\/tech4access.com\/wp-content\/uploads\/2024\/12\/Marca-Tech4Acces_Positivo.png","contentUrl":"https:\/\/tech4access.com\/wp-content\/uploads\/2024\/12\/Marca-Tech4Acces_Positivo.png","width":1754,"height":1241,"caption":"Tech4access"},"image":{"@id":"https:\/\/tech4access.com\/it\/#\/schema\/logo\/image\/"},"sameAs":["https:\/\/www.linkedin.com\/company\/tech4access\/"]}]}},"_links":{"self":[{"href":"https:\/\/tech4access.com\/it\/wp-json\/wp\/v2\/pages\/5965","targetHints":{"allow":["GET"]}}],"collection":[{"href":"https:\/\/tech4access.com\/it\/wp-json\/wp\/v2\/pages"}],"about":[{"href":"https:\/\/tech4access.com\/it\/wp-json\/wp\/v2\/types\/page"}],"author":[{"embeddable":true,"href":"https:\/\/tech4access.com\/it\/wp-json\/wp\/v2\/users\/3"}],"replies":[{"embeddable":true,"href":"https:\/\/tech4access.com\/it\/wp-json\/wp\/v2\/comments?post=5965"}],"version-history":[{"count":6,"href":"https:\/\/tech4access.com\/it\/wp-json\/wp\/v2\/pages\/5965\/revisions"}],"predecessor-version":[{"id":6235,"href":"https:\/\/tech4access.com\/it\/wp-json\/wp\/v2\/pages\/5965\/revisions\/6235"}],"wp:attachment":[{"href":"https:\/\/tech4access.com\/it\/wp-json\/wp\/v2\/media?parent=5965"}],"curies":[{"name":"wp","href":"https:\/\/api.w.org\/{rel}","templated":true}]}}