{"id":5953,"date":"2023-08-10T10:27:06","date_gmt":"2023-08-10T08:27:06","guid":{"rendered":"https:\/\/tech4access.com\/?page_id=5953"},"modified":"2025-11-18T11:59:28","modified_gmt":"2025-11-18T09:59:28","slug":"dichiarazione-di-accessibilita","status":"publish","type":"page","link":"https:\/\/tech4access.com\/it\/dichiarazione-di-accessibilita\/","title":{"rendered":"Dichiarazione di accessibilit\u00e0"},"content":{"rendered":"\t\t<div data-elementor-type=\"wp-page\" data-elementor-id=\"5953\" class=\"elementor elementor-5953\" data-elementor-post-type=\"page\">\n\t\t\t\t\t\t<section class=\"elementor-section elementor-top-section elementor-element elementor-element-bd8a7ba elementor-section-boxed elementor-section-height-default elementor-section-height-default\" data-id=\"bd8a7ba\" data-element_type=\"section\" data-e-type=\"section\" data-settings=\"{&quot;background_background&quot;:&quot;gradient&quot;}\">\n\t\t\t\t\t\t\t<div class=\"elementor-background-overlay\"><\/div>\n\t\t\t\t\t\t\t<div class=\"elementor-container elementor-column-gap-default\">\n\t\t\t\t\t<div class=\"elementor-column elementor-col-100 elementor-top-column elementor-element elementor-element-64607678\" data-id=\"64607678\" data-element_type=\"column\" data-e-type=\"column\">\n\t\t\t<div class=\"elementor-widget-wrap elementor-element-populated\">\n\t\t\t\t\t\t<section class=\"elementor-section elementor-inner-section elementor-element elementor-element-2c0fb34f elementor-section-content-middle elementor-section-boxed elementor-section-height-default elementor-section-height-default\" data-id=\"2c0fb34f\" data-element_type=\"section\" data-e-type=\"section\">\n\t\t\t\t\t\t<div class=\"elementor-container elementor-column-gap-default\">\n\t\t\t\t\t<div class=\"elementor-column elementor-col-100 elementor-inner-column elementor-element elementor-element-32b2c94b\" data-id=\"32b2c94b\" data-element_type=\"column\" data-e-type=\"column\">\n\t\t\t<div class=\"elementor-widget-wrap elementor-element-populated\">\n\t\t\t\t\t\t<div class=\"elementor-element elementor-element-9b09033 elementor-widget elementor-widget-breadcrumbs\" data-id=\"9b09033\" data-element_type=\"widget\" data-e-type=\"widget\" data-widget_type=\"breadcrumbs.default\">\n\t\t\t\t<div class=\"elementor-widget-container\">\n\t\t\t\t\t<p id=\"breadcrumbs\"><span><span><a href=\"https:\/\/tech4access.com\/it\/\">Home<\/a><\/span><\/span><\/p>\t\t\t\t<\/div>\n\t\t\t\t<\/div>\n\t\t\t\t\t<\/div>\n\t\t<\/div>\n\t\t\t\t\t<\/div>\n\t\t<\/section>\n\t\t\t\t<section class=\"elementor-section elementor-inner-section elementor-element elementor-element-237c22df elementor-section-boxed elementor-section-height-default elementor-section-height-default\" data-id=\"237c22df\" data-element_type=\"section\" data-e-type=\"section\">\n\t\t\t\t\t\t<div class=\"elementor-container elementor-column-gap-default\">\n\t\t\t\t\t<div class=\"elementor-column elementor-col-50 elementor-inner-column elementor-element elementor-element-51f988f6\" data-id=\"51f988f6\" data-element_type=\"column\" data-e-type=\"column\">\n\t\t\t<div class=\"elementor-widget-wrap elementor-element-populated\">\n\t\t\t\t\t\t<div class=\"elementor-element elementor-element-7155b039 elementor-widget elementor-widget-heading\" data-id=\"7155b039\" data-element_type=\"widget\" data-e-type=\"widget\" data-widget_type=\"heading.default\">\n\t\t\t\t<div class=\"elementor-widget-container\">\n\t\t\t\t\t<h1 class=\"elementor-heading-title elementor-size-default\">Dichiarazione di accessibilit\u00e0<\/h1>\t\t\t\t<\/div>\n\t\t\t\t<\/div>\n\t\t\t\t\t<\/div>\n\t\t<\/div>\n\t\t\t\t<div class=\"elementor-column elementor-col-50 elementor-inner-column elementor-element elementor-element-238a58a0\" data-id=\"238a58a0\" data-element_type=\"column\" data-e-type=\"column\">\n\t\t\t<div class=\"elementor-widget-wrap\">\n\t\t\t\t\t\t\t<\/div>\n\t\t<\/div>\n\t\t\t\t\t<\/div>\n\t\t<\/section>\n\t\t\t\t\t<\/div>\n\t\t<\/div>\n\t\t\t\t\t<\/div>\n\t\t<\/section>\n\t\t\t\t<section class=\"elementor-section elementor-top-section elementor-element elementor-element-23a96a4a cont-legal elementor-section-boxed elementor-section-height-default elementor-section-height-default\" data-id=\"23a96a4a\" data-element_type=\"section\" data-e-type=\"section\">\n\t\t\t\t\t\t<div class=\"elementor-container elementor-column-gap-default\">\n\t\t\t\t\t<div class=\"elementor-column elementor-col-100 elementor-top-column elementor-element elementor-element-1fddf800\" data-id=\"1fddf800\" data-element_type=\"column\" data-e-type=\"column\">\n\t\t\t<div class=\"elementor-widget-wrap elementor-element-populated\">\n\t\t\t\t\t\t<div class=\"elementor-element elementor-element-5847fb81 elementor-widget elementor-widget-text-editor\" data-id=\"5847fb81\" data-element_type=\"widget\" data-e-type=\"widget\" data-widget_type=\"text-editor.default\">\n\t\t\t\t<div class=\"elementor-widget-container\">\n\t\t\t\t\t\t\t\t\t<p role=\"region\" aria-labelledby=\"i4t-id-1\">Presso DISTRIBUTION AS A SERVICE EMEA S.L. lavoriamo costantemente per garantire l\u2019accesso universale al nostro sito web. Il nostro obiettivo \u00e8 che tutte le persone, indipendentemente dall\u2019et\u00e0, dalla disabilit\u00e0 o da qualsiasi altra circostanza personale, possano navigare nell\u2019intero dominio <a href=\"https:\/\/tech4access.com\/\" rel=\"noopener\" aria-label=\"TECH4ACCESS.\">https:\/\/tech4access.com<\/a> senza incontrare difficolt\u00e0 di accesso.<\/p>\n<p role=\"region\" aria-labelledby=\"i4t-id-1\">Per ottenere una maggiore accessibilit\u00e0 al sito web di <strong>TECH4ACCESS<\/strong>, abbiamo applicato criteri basati sulle linee guida <strong>WCAG\/WAI<\/strong> stabilite dal <strong><em>World Wide Web Consortium (W3C)<\/em><\/strong>, l\u2019organizzazione internazionale che sovrintende alle tecnologie e agli standard su Internet. A questo proposito, il sito web di <strong>TECH4ACCESS<\/strong> \u00e8 stato sviluppato per garantire la conformit\u00e0 al livello AA delle <strong>Linee guida per l\u2019accessibilit\u00e0 dei contenuti Web<\/strong> (WCAG) 2.1 della Web Accessibility Initiative (WAI) del W3C. <strong>Everycode S.L.<\/strong> ha valutato l\u2019accessibilit\u00e0 di questo sito web in base ai requisiti delle WCAG 2.1.<\/p>\n<p>La presente dichiarazione di accessibilit\u00e0 si applica al sito web <a href=\"https:\/\/tech4access.com\" target=\"_blank\" rel=\"noopener\">https:\/\/tech4access.com<\/a>, con esclusione dei contenuti incorporati da altri domini.<\/p>\n<div style=\"display: grid;\" role=\"region\" aria-labelledby=\"i4t-id-1\">\n<h3><strong>Stato attuale<\/strong><\/h3>\n<p>Il sito web <a href=\"https:\/\/tech4access.com\" target=\"_blank\" rel=\"noopener\">https:\/\/tech4access.com <\/a>ha ottenuto la <a href=\"https:\/\/www.insuit.net\/20241230101\/\" target=\"_blank\" rel=\"noopener\">Certificazione inSuit AA<\/a> in conformit\u00e0 ai requisiti WCAG 2.1, livello di conformit\u00e0 AA.<\/p>\n<p>Sul sito <a href=\"https:\/\/tech4access.com\" target=\"_blank\" rel=\"noopener\">https:\/\/tech4access.com<\/a> sono state aggiunte le seguenti funzionalit\u00e0 per migliorarne l\u2019accessibilit\u00e0:<\/p>\n<ul>\n<li>Le caratteristiche visive del sito web (tipo di carattere, colore del testo e dello sfondo, ecc.) sono definite attraverso fogli di stile, consentendo all\u2019utente di modificare le preferenze di visualizzazione del testo.<\/li>\n<li>Le dimensioni dei caratteri sono state definite utilizzando unit\u00e0 relative, cos\u00ec da poter aumentare o ridurre le dimensioni del testo nelle impostazioni del browser.<\/li>\n<li>Se un utente accede alla pagina con un browser che non supporta i fogli di stile, non vi \u00e8 alcun problema, poich\u00e9 potr\u00e0 comunque accedere ai contenuti con i CSS disabilitati.<\/li>\n<li>Le pagine web presentano una struttura chiara, affinch\u00e9 tutti i contenuti siano visibili a tutti gli utenti, compresi coloro che utilizzano lettori di schermo o che disabilitano i fogli di stile, ecc. A tal fine, sono stati codificati in HTML i titoli di sezione, gli elenchi e tutti gli elementi che favoriscono la comprensione globale del sito web.<\/li>\n<li>Il sito \u00e8 stato realizzato utilizzando codice conforme alle grammatiche formali, in modo da garantire la corretta visualizzazione dei contenuti su diversi browser.<\/li>\n<\/ul>\n<\/div>\n<div style=\"display: grid;\" role=\"region\" aria-labelledby=\"i4t-id-2\">\n<h3><strong>Contenuto non accessibile<\/strong><\/h3>\n<p>Il contenuto seguente non risulta accessibile per i motivi indicati di seguito:<\/p>\n<ol>\n<li>Alcune immagini non sono etichettate o presentano un\u2019alternativa testuale generica [requisito n. 9.1.1.1 della norma UNE-EN 301549:2022-03 Contenuto non testuale].<\/li>\n<li>Alcuni video preregistrati sul sito non dispongono di audiodescrizione o di mezzi alternativi [requisiti n. 9.1.2.5 e 9.1.2.3 della norma UNE-EN 301549:2022-03 Audiodescrizione o mezzi alternativi (registrati)].<\/li>\n<li>In alcune pagine, il rapporto di contrasto tra testo o immagini potrebbe non raggiungere il valore minimo di 4,5:1 [requisito n. 9.1.4.3 della norma UNE-EN 301549:2022-03 Contrasto minimo].<\/li>\n<\/ol>\n<h3><strong>Elaborazione di questa dichiarazione di accessibilit\u00e0<\/strong><\/h3>\n<p>Questa dichiarazione \u00e8 stata redatta il <strong>30 dicembre 2024<\/strong>.<\/p>\n<p>Il metodo utilizzato per elaborare questa dichiarazione \u00e8 stato un audit di accessibilit\u00e0 eseguito da Everycode S.L. il <strong>20 novembre 2024<\/strong>.<\/p>\n<p>Questa dichiarazione \u00e8 stata rivista l\u2019ultima volta in data <strong>18 novembre&nbsp;2025<\/strong>.<\/p>\n<p>I risultati dell\u2019audit soddisfano pienamente i requisiti WCAG 2.1, livello di conformit\u00e0 AA, in linea con il livello di accessibilit\u00e0 richiesto dalla normativa vigente.<\/p>\n<h3><strong>Osservazioni e dati di contatto<\/strong><\/h3>\n<p>Potete inviare segnalazioni in merito ai requisiti di accessibilit\u00e0, ad esempio:<\/p>\n<ul>\n<li>Informare su qualsiasi possibile inadempienza di questo sito web.<\/li>\n<li>Segnalare altre difficolt\u00e0 di accesso ai contenuti.<\/li>\n<li>Formulare qualsiasi altra richiesta o suggerimento di miglioramento relativo all\u2019accessibilit\u00e0 del sito web.<\/li>\n<\/ul>\n<p>Per queste comunicazioni potete utilizzare i seguenti canali:<\/p>\n<p>Link al modulo: <a href=\"https:\/\/tech4access.com\/it\/contatti\/\">https:\/\/tech4access.com\/it\/contatti\/<\/a><\/p>\n<\/div>\n<div style=\"display: grid;\" role=\"region\" aria-labelledby=\"i4t-id-3\">\n<h3><strong>Contenuto facoltativo<\/strong><\/h3>\n<p>TECH4ACCESS ha integrato nel proprio sito la soluzione inSuit Accessibility Manager\u2122, che migliora in modo ottimale ed efficace l\u2019accessibilit\u00e0 e l\u2019usabilit\u00e0 web. Questa soluzione trasforma la pagina in tempo reale secondo le WCAG e WAI-ARIA, personalizzata da esperti di accessibilit\u00e0 e usabilit\u00e0, rendendola pi\u00f9 accessibile e inclusiva.<\/p>\n<\/div>\t\t\t\t\t\t\t\t<\/div>\n\t\t\t\t<\/div>\n\t\t\t\t\t<\/div>\n\t\t<\/div>\n\t\t\t\t\t<\/div>\n\t\t<\/section>\n\t\t\t\t<\/div>\n\t\t","protected":false},"excerpt":{"rendered":"<p>Presso DISTRIBUTION AS A SERVICE EMEA S.L. lavoriamo costantemente per garantire l\u2019accesso universale al nostro sito web. Il nostro obiettivo \u00e8 che tutte le persone, indipendentemente dall\u2019et\u00e0, dalla disabilit\u00e0 o da qualsiasi altra circostanza personale, possano navigare nell\u2019intero dominio https:\/\/tech4access.com senza incontrare difficolt\u00e0 di accesso. Per ottenere una maggiore accessibilit\u00e0 al sito web di TECH4ACCESS, [&hellip;]<\/p>\n","protected":false},"author":3,"featured_media":0,"parent":0,"menu_order":0,"comment_status":"closed","ping_status":"closed","template":"elementor_header_footer","meta":{"_acf_changed":false,"ocean_post_layout":"","ocean_both_sidebars_style":"","ocean_both_sidebars_content_width":0,"ocean_both_sidebars_sidebars_width":0,"ocean_sidebar":"0","ocean_second_sidebar":"0","ocean_disable_margins":"enable","ocean_add_body_class":"","ocean_shortcode_before_top_bar":"","ocean_shortcode_after_top_bar":"","ocean_shortcode_before_header":"","ocean_shortcode_after_header":"","ocean_has_shortcode":"","ocean_shortcode_after_title":"","ocean_shortcode_before_footer_widgets":"","ocean_shortcode_after_footer_widgets":"","ocean_shortcode_before_footer_bottom":"","ocean_shortcode_after_footer_bottom":"","ocean_display_top_bar":"default","ocean_display_header":"default","ocean_header_style":"","ocean_center_header_left_menu":"0","ocean_custom_header_template":"0","ocean_custom_logo":0,"ocean_custom_retina_logo":0,"ocean_custom_logo_max_width":0,"ocean_custom_logo_tablet_max_width":0,"ocean_custom_logo_mobile_max_width":0,"ocean_custom_logo_max_height":0,"ocean_custom_logo_tablet_max_height":0,"ocean_custom_logo_mobile_max_height":0,"ocean_header_custom_menu":"0","ocean_menu_typo_font_family":"0","ocean_menu_typo_font_subset":"","ocean_menu_typo_font_size":0,"ocean_menu_typo_font_size_tablet":0,"ocean_menu_typo_font_size_mobile":0,"ocean_menu_typo_font_size_unit":"px","ocean_menu_typo_font_weight":"","ocean_menu_typo_font_weight_tablet":"","ocean_menu_typo_font_weight_mobile":"","ocean_menu_typo_transform":"","ocean_menu_typo_transform_tablet":"","ocean_menu_typo_transform_mobile":"","ocean_menu_typo_line_height":0,"ocean_menu_typo_line_height_tablet":0,"ocean_menu_typo_line_height_mobile":0,"ocean_menu_typo_line_height_unit":"","ocean_menu_typo_spacing":0,"ocean_menu_typo_spacing_tablet":0,"ocean_menu_typo_spacing_mobile":0,"ocean_menu_typo_spacing_unit":"","ocean_menu_link_color":"","ocean_menu_link_color_hover":"","ocean_menu_link_color_active":"","ocean_menu_link_background":"","ocean_menu_link_hover_background":"","ocean_menu_link_active_background":"","ocean_menu_social_links_bg":"","ocean_menu_social_hover_links_bg":"","ocean_menu_social_links_color":"","ocean_menu_social_hover_links_color":"","ocean_disable_title":"default","ocean_disable_heading":"default","ocean_post_title":"","ocean_post_subheading":"","ocean_post_title_style":"","ocean_post_title_background_color":"","ocean_post_title_background":0,"ocean_post_title_bg_image_position":"","ocean_post_title_bg_image_attachment":"","ocean_post_title_bg_image_repeat":"","ocean_post_title_bg_image_size":"","ocean_post_title_height":0,"ocean_post_title_bg_overlay":0.5,"ocean_post_title_bg_overlay_color":"","ocean_disable_breadcrumbs":"default","ocean_breadcrumbs_color":"","ocean_breadcrumbs_separator_color":"","ocean_breadcrumbs_links_color":"","ocean_breadcrumbs_links_hover_color":"","ocean_display_footer_widgets":"default","ocean_display_footer_bottom":"default","ocean_custom_footer_template":"0","footnotes":""},"class_list":["post-5953","page","type-page","status-publish","hentry","entry"],"acf":[],"yoast_head":"<!-- This site is optimized with the Yoast SEO Premium plugin v26.4 (Yoast SEO v27.3) - https:\/\/yoast.com\/product\/yoast-seo-premium-wordpress\/ -->\n<title>Dichiarazione di accessibilit\u00e0 | Tech4access<\/title>\n<meta name=\"robots\" content=\"noindex, follow\" \/>\n<meta property=\"og:locale\" content=\"it_IT\" \/>\n<meta property=\"og:type\" content=\"article\" \/>\n<meta property=\"og:title\" content=\"Dichiarazione di accessibilit\u00e0\" \/>\n<meta property=\"og:description\" content=\"Presso DISTRIBUTION AS A SERVICE EMEA S.L. lavoriamo costantemente per garantire l\u2019accesso universale al nostro sito web. Il nostro obiettivo \u00e8 che tutte le persone, indipendentemente dall\u2019et\u00e0, dalla disabilit\u00e0 o da qualsiasi altra circostanza personale, possano navigare nell\u2019intero dominio https:\/\/tech4access.com senza incontrare difficolt\u00e0 di accesso. Per ottenere una maggiore accessibilit\u00e0 al sito web di TECH4ACCESS, [&hellip;]\" \/>\n<meta property=\"og:url\" content=\"https:\/\/tech4access.com\/it\/dichiarazione-di-accessibilita\/\" \/>\n<meta property=\"og:site_name\" content=\"Tech4access\" \/>\n<meta property=\"article:publisher\" content=\"https:\/\/www.linkedin.com\/company\/tech4access\/\" \/>\n<meta property=\"article:modified_time\" content=\"2025-11-18T09:59:28+00:00\" \/>\n<meta name=\"twitter:card\" content=\"summary_large_image\" \/>\n<meta name=\"twitter:label1\" content=\"Tempo di lettura stimato\" \/>\n\t<meta name=\"twitter:data1\" content=\"4 minuti\" \/>\n<script type=\"application\/ld+json\" class=\"yoast-schema-graph\">{\"@context\":\"https:\\\/\\\/schema.org\",\"@graph\":[{\"@type\":\"WebPage\",\"@id\":\"https:\\\/\\\/tech4access.com\\\/it\\\/dichiarazione-di-accessibilita\\\/\",\"url\":\"https:\\\/\\\/tech4access.com\\\/it\\\/dichiarazione-di-accessibilita\\\/\",\"name\":\"Dichiarazione di accessibilit\u00e0 | Tech4access\",\"isPartOf\":{\"@id\":\"https:\\\/\\\/tech4access.com\\\/it\\\/#website\"},\"datePublished\":\"2023-08-10T08:27:06+00:00\",\"dateModified\":\"2025-11-18T09:59:28+00:00\",\"breadcrumb\":{\"@id\":\"https:\\\/\\\/tech4access.com\\\/it\\\/dichiarazione-di-accessibilita\\\/#breadcrumb\"},\"inLanguage\":\"it-IT\",\"potentialAction\":[{\"@type\":\"ReadAction\",\"target\":[\"https:\\\/\\\/tech4access.com\\\/it\\\/dichiarazione-di-accessibilita\\\/\"]}]},{\"@type\":\"BreadcrumbList\",\"@id\":\"https:\\\/\\\/tech4access.com\\\/it\\\/dichiarazione-di-accessibilita\\\/#breadcrumb\",\"itemListElement\":[{\"@type\":\"ListItem\",\"position\":1,\"name\":\"Home\",\"item\":\"https:\\\/\\\/tech4access.com\\\/it\\\/\"},{\"@type\":\"ListItem\",\"position\":2,\"name\":\"Dichiarazione di accessibilit\u00e0\"}]},{\"@type\":\"WebSite\",\"@id\":\"https:\\\/\\\/tech4access.com\\\/it\\\/#website\",\"url\":\"https:\\\/\\\/tech4access.com\\\/it\\\/\",\"name\":\"Tech4access\",\"description\":\"Soluciones de usabilidad y accesibilidad web\",\"publisher\":{\"@id\":\"https:\\\/\\\/tech4access.com\\\/it\\\/#organization\"},\"potentialAction\":[{\"@type\":\"SearchAction\",\"target\":{\"@type\":\"EntryPoint\",\"urlTemplate\":\"https:\\\/\\\/tech4access.com\\\/it\\\/?s={search_term_string}\"},\"query-input\":{\"@type\":\"PropertyValueSpecification\",\"valueRequired\":true,\"valueName\":\"search_term_string\"}}],\"inLanguage\":\"it-IT\"},{\"@type\":\"Organization\",\"@id\":\"https:\\\/\\\/tech4access.com\\\/it\\\/#organization\",\"name\":\"Tech4access\",\"url\":\"https:\\\/\\\/tech4access.com\\\/it\\\/\",\"logo\":{\"@type\":\"ImageObject\",\"inLanguage\":\"it-IT\",\"@id\":\"https:\\\/\\\/tech4access.com\\\/it\\\/#\\\/schema\\\/logo\\\/image\\\/\",\"url\":\"https:\\\/\\\/tech4access.com\\\/wp-content\\\/uploads\\\/2024\\\/12\\\/Marca-Tech4Acces_Positivo.png\",\"contentUrl\":\"https:\\\/\\\/tech4access.com\\\/wp-content\\\/uploads\\\/2024\\\/12\\\/Marca-Tech4Acces_Positivo.png\",\"width\":1754,\"height\":1241,\"caption\":\"Tech4access\"},\"image\":{\"@id\":\"https:\\\/\\\/tech4access.com\\\/it\\\/#\\\/schema\\\/logo\\\/image\\\/\"},\"sameAs\":[\"https:\\\/\\\/www.linkedin.com\\\/company\\\/tech4access\\\/\"]}]}<\/script>\n<!-- \/ Yoast SEO Premium plugin. -->","yoast_head_json":{"title":"Dichiarazione di accessibilit\u00e0 | Tech4access","robots":{"index":"noindex","follow":"follow"},"og_locale":"it_IT","og_type":"article","og_title":"Dichiarazione di accessibilit\u00e0","og_description":"Presso DISTRIBUTION AS A SERVICE EMEA S.L. lavoriamo costantemente per garantire l\u2019accesso universale al nostro sito web. Il nostro obiettivo \u00e8 che tutte le persone, indipendentemente dall\u2019et\u00e0, dalla disabilit\u00e0 o da qualsiasi altra circostanza personale, possano navigare nell\u2019intero dominio https:\/\/tech4access.com senza incontrare difficolt\u00e0 di accesso. Per ottenere una maggiore accessibilit\u00e0 al sito web di TECH4ACCESS, [&hellip;]","og_url":"https:\/\/tech4access.com\/it\/dichiarazione-di-accessibilita\/","og_site_name":"Tech4access","article_publisher":"https:\/\/www.linkedin.com\/company\/tech4access\/","article_modified_time":"2025-11-18T09:59:28+00:00","twitter_card":"summary_large_image","twitter_misc":{"Tempo di lettura stimato":"4 minuti"},"schema":{"@context":"https:\/\/schema.org","@graph":[{"@type":"WebPage","@id":"https:\/\/tech4access.com\/it\/dichiarazione-di-accessibilita\/","url":"https:\/\/tech4access.com\/it\/dichiarazione-di-accessibilita\/","name":"Dichiarazione di accessibilit\u00e0 | Tech4access","isPartOf":{"@id":"https:\/\/tech4access.com\/it\/#website"},"datePublished":"2023-08-10T08:27:06+00:00","dateModified":"2025-11-18T09:59:28+00:00","breadcrumb":{"@id":"https:\/\/tech4access.com\/it\/dichiarazione-di-accessibilita\/#breadcrumb"},"inLanguage":"it-IT","potentialAction":[{"@type":"ReadAction","target":["https:\/\/tech4access.com\/it\/dichiarazione-di-accessibilita\/"]}]},{"@type":"BreadcrumbList","@id":"https:\/\/tech4access.com\/it\/dichiarazione-di-accessibilita\/#breadcrumb","itemListElement":[{"@type":"ListItem","position":1,"name":"Home","item":"https:\/\/tech4access.com\/it\/"},{"@type":"ListItem","position":2,"name":"Dichiarazione di accessibilit\u00e0"}]},{"@type":"WebSite","@id":"https:\/\/tech4access.com\/it\/#website","url":"https:\/\/tech4access.com\/it\/","name":"Tech4access","description":"Soluciones de usabilidad y accesibilidad web","publisher":{"@id":"https:\/\/tech4access.com\/it\/#organization"},"potentialAction":[{"@type":"SearchAction","target":{"@type":"EntryPoint","urlTemplate":"https:\/\/tech4access.com\/it\/?s={search_term_string}"},"query-input":{"@type":"PropertyValueSpecification","valueRequired":true,"valueName":"search_term_string"}}],"inLanguage":"it-IT"},{"@type":"Organization","@id":"https:\/\/tech4access.com\/it\/#organization","name":"Tech4access","url":"https:\/\/tech4access.com\/it\/","logo":{"@type":"ImageObject","inLanguage":"it-IT","@id":"https:\/\/tech4access.com\/it\/#\/schema\/logo\/image\/","url":"https:\/\/tech4access.com\/wp-content\/uploads\/2024\/12\/Marca-Tech4Acces_Positivo.png","contentUrl":"https:\/\/tech4access.com\/wp-content\/uploads\/2024\/12\/Marca-Tech4Acces_Positivo.png","width":1754,"height":1241,"caption":"Tech4access"},"image":{"@id":"https:\/\/tech4access.com\/it\/#\/schema\/logo\/image\/"},"sameAs":["https:\/\/www.linkedin.com\/company\/tech4access\/"]}]}},"_links":{"self":[{"href":"https:\/\/tech4access.com\/it\/wp-json\/wp\/v2\/pages\/5953","targetHints":{"allow":["GET"]}}],"collection":[{"href":"https:\/\/tech4access.com\/it\/wp-json\/wp\/v2\/pages"}],"about":[{"href":"https:\/\/tech4access.com\/it\/wp-json\/wp\/v2\/types\/page"}],"author":[{"embeddable":true,"href":"https:\/\/tech4access.com\/it\/wp-json\/wp\/v2\/users\/3"}],"replies":[{"embeddable":true,"href":"https:\/\/tech4access.com\/it\/wp-json\/wp\/v2\/comments?post=5953"}],"version-history":[{"count":20,"href":"https:\/\/tech4access.com\/it\/wp-json\/wp\/v2\/pages\/5953\/revisions"}],"predecessor-version":[{"id":12897,"href":"https:\/\/tech4access.com\/it\/wp-json\/wp\/v2\/pages\/5953\/revisions\/12897"}],"wp:attachment":[{"href":"https:\/\/tech4access.com\/it\/wp-json\/wp\/v2\/media?parent=5953"}],"curies":[{"name":"wp","href":"https:\/\/api.w.org\/{rel}","templated":true}]}}