{"id":6477,"date":"2021-06-23T06:29:04","date_gmt":"2021-06-23T04:29:04","guid":{"rendered":"https:\/\/tech4access.com\/politica-privacidad\/"},"modified":"2023-08-25T10:39:59","modified_gmt":"2023-08-25T08:39:59","slug":"politique-confidentialite","status":"publish","type":"page","link":"https:\/\/tech4access.com\/fr\/politique-confidentialite\/","title":{"rendered":"Politique de confidentialit\u00e9"},"content":{"rendered":"\t\t<div data-elementor-type=\"wp-page\" data-elementor-id=\"6477\" class=\"elementor elementor-6477 elementor-5971\" data-elementor-post-type=\"page\">\n\t\t\t\t\t\t<section class=\"elementor-section elementor-top-section elementor-element elementor-element-76ca7b6f elementor-section-boxed elementor-section-height-default elementor-section-height-default\" data-id=\"76ca7b6f\" data-element_type=\"section\" data-e-type=\"section\" data-settings=\"{&quot;background_background&quot;:&quot;gradient&quot;}\">\n\t\t\t\t\t\t\t<div class=\"elementor-background-overlay\"><\/div>\n\t\t\t\t\t\t\t<div class=\"elementor-container elementor-column-gap-default\">\n\t\t\t\t\t<div class=\"elementor-column elementor-col-100 elementor-top-column elementor-element elementor-element-216ecdf2\" data-id=\"216ecdf2\" data-element_type=\"column\" data-e-type=\"column\">\n\t\t\t<div class=\"elementor-widget-wrap elementor-element-populated\">\n\t\t\t\t\t\t<section class=\"elementor-section elementor-inner-section elementor-element elementor-element-10a15f53 elementor-section-content-middle elementor-section-boxed elementor-section-height-default elementor-section-height-default\" data-id=\"10a15f53\" data-element_type=\"section\" data-e-type=\"section\">\n\t\t\t\t\t\t<div class=\"elementor-container elementor-column-gap-default\">\n\t\t\t\t\t<div class=\"elementor-column elementor-col-100 elementor-inner-column elementor-element elementor-element-6ac9d375\" data-id=\"6ac9d375\" data-element_type=\"column\" data-e-type=\"column\">\n\t\t\t<div class=\"elementor-widget-wrap elementor-element-populated\">\n\t\t\t\t\t\t<div class=\"elementor-element elementor-element-2d5ba9b1 elementor-widget elementor-widget-breadcrumbs\" data-id=\"2d5ba9b1\" data-element_type=\"widget\" data-e-type=\"widget\" data-widget_type=\"breadcrumbs.default\">\n\t\t\t\t<div class=\"elementor-widget-container\">\n\t\t\t\t\t<p id=\"breadcrumbs\"><span><span><a href=\"https:\/\/tech4access.com\/fr\/\">Home<\/a><\/span><\/span><\/p>\t\t\t\t<\/div>\n\t\t\t\t<\/div>\n\t\t\t\t\t<\/div>\n\t\t<\/div>\n\t\t\t\t\t<\/div>\n\t\t<\/section>\n\t\t\t\t<section class=\"elementor-section elementor-inner-section elementor-element elementor-element-1714be28 elementor-section-boxed elementor-section-height-default elementor-section-height-default\" data-id=\"1714be28\" data-element_type=\"section\" data-e-type=\"section\">\n\t\t\t\t\t\t<div class=\"elementor-container elementor-column-gap-default\">\n\t\t\t\t\t<div class=\"elementor-column elementor-col-50 elementor-inner-column elementor-element elementor-element-9ebfcc8\" data-id=\"9ebfcc8\" data-element_type=\"column\" data-e-type=\"column\">\n\t\t\t<div class=\"elementor-widget-wrap elementor-element-populated\">\n\t\t\t\t\t\t<div class=\"elementor-element elementor-element-456a59ef elementor-widget elementor-widget-heading\" data-id=\"456a59ef\" data-element_type=\"widget\" data-e-type=\"widget\" data-widget_type=\"heading.default\">\n\t\t\t\t<div class=\"elementor-widget-container\">\n\t\t\t\t\t<h1 class=\"elementor-heading-title elementor-size-default\">Politique de confidentialit\u00e9<\/h1>\t\t\t\t<\/div>\n\t\t\t\t<\/div>\n\t\t\t\t\t<\/div>\n\t\t<\/div>\n\t\t\t\t<div class=\"elementor-column elementor-col-50 elementor-inner-column elementor-element elementor-element-e7fc6e8\" data-id=\"e7fc6e8\" data-element_type=\"column\" data-e-type=\"column\">\n\t\t\t<div class=\"elementor-widget-wrap\">\n\t\t\t\t\t\t\t<\/div>\n\t\t<\/div>\n\t\t\t\t\t<\/div>\n\t\t<\/section>\n\t\t\t\t\t<\/div>\n\t\t<\/div>\n\t\t\t\t\t<\/div>\n\t\t<\/section>\n\t\t\t\t<section class=\"elementor-section elementor-top-section elementor-element elementor-element-76aceed8 cont-legal elementor-section-boxed elementor-section-height-default elementor-section-height-default\" data-id=\"76aceed8\" data-element_type=\"section\" data-e-type=\"section\">\n\t\t\t\t\t\t<div class=\"elementor-container elementor-column-gap-default\">\n\t\t\t\t\t<div class=\"elementor-column elementor-col-100 elementor-top-column elementor-element elementor-element-7196a97d\" data-id=\"7196a97d\" data-element_type=\"column\" data-e-type=\"column\">\n\t\t\t<div class=\"elementor-widget-wrap elementor-element-populated\">\n\t\t\t\t\t\t<div class=\"elementor-element elementor-element-3f5cb349 elementor-widget elementor-widget-text-editor\" data-id=\"3f5cb349\" data-element_type=\"widget\" data-e-type=\"widget\" data-widget_type=\"text-editor.default\">\n\t\t\t\t<div class=\"elementor-widget-container\">\n\t\t\t\t\t\t\t\t\t<h2>Politique de confidentialit\u00e9<\/h2><h3><strong>Responsable du traitement<\/strong><\/h3><p>En conformit\u00e9 avec la r\u00e9glementation l\u00e9gale en vigueur en mati\u00e8re de protection des donn\u00e9es \u00e0 caract\u00e8re personnel, l&rsquo;utilisateur est inform\u00e9 que ses donn\u00e9es seront trait\u00e9es par DISTRIBUTION AS A SERVICE EMEA, S.L., avec CIF B98626963, ci-apr\u00e8s LE RESPONSABLE.<\/p><h3><strong>Finalit\u00e9 du traitement<\/strong><\/h3><p><strong>Formulaire de contact<\/strong><\/p><p>La finalit\u00e9 du traitement est de r\u00e9pondre \u00e0 votre demande et de permettre la gestion de la relation et du contact avec vous.<\/p><p>Une autre finalit\u00e9 est de vous envoyer des communications commerciales et de courtoisie li\u00e9es \u00e0 notre soci\u00e9t\u00e9, par t\u00e9l\u00e9phone, courrier ordinaire, courrier \u00e9lectronique ou moyens de communication \u00e9lectronique \u00e9quivalents.<\/p><p>Si l&rsquo;utilisateur ne coche pas l&rsquo;acceptation de la case correspondante avant l&rsquo;envoi de la demande de consultation, il ne recevra pas de communications commerciales et d&rsquo;int\u00e9r\u00eat de cette soci\u00e9t\u00e9, sans pr\u00e9judice de la r\u00e9ponse \u00e0 sa consultation.<\/p><h3><strong>Cession des donn\u00e9es<\/strong><\/h3><p>L&rsquo;utilisateur accepte et consent au traitement automatis\u00e9 de ses donn\u00e9es par LE RESPONSABLE qui garantit que les donn\u00e9es collect\u00e9es ne seront pas c\u00e9d\u00e9es \u00e0 des tiers ni utilis\u00e9es \u00e0 d&rsquo;autres fins commerciales que celles pour lesquelles elles ont \u00e9t\u00e9 collect\u00e9es et qu&rsquo;\u00e0 chaque fois qu&rsquo;un type de cession de donn\u00e9es personnelles serait envisag\u00e9, le consentement expr\u00e8s, inform\u00e9 et sans \u00e9quivoque des titulaires serait demand\u00e9 au pr\u00e9alable. Les donn\u00e9es fournies seront conserv\u00e9es tant que la relation commerciale est maintenue ou pendant les ann\u00e9es n\u00e9cessaires pour respecter les obligations l\u00e9gales.<\/p><h3><strong>Exactitude et v\u00e9racit\u00e9 des donn\u00e9es<\/strong><\/h3><p>L&rsquo;utilisateur est le seul responsable de la v\u00e9racit\u00e9 et de la correction des donn\u00e9es incluses et communiqu\u00e9es, d\u00e9chargeant LE RESPONSABLE de toute responsabilit\u00e9 \u00e0 cet \u00e9gard.<\/p><h3><strong>Mesures de s\u00e9curit\u00e9<\/strong><\/h3><p>LE RESPONSABLE a adopt\u00e9 toutes les mesures techniques et organisationnelles n\u00e9cessaires pour garantir la s\u00e9curit\u00e9 et l&rsquo;int\u00e9grit\u00e9 des donn\u00e9es \u00e0 caract\u00e8re personnel qu&rsquo;il traite, ainsi que pour \u00e9viter leur perte, alt\u00e9ration et\/ou acc\u00e8s par des tiers non autoris\u00e9s.<\/p><p>Ce site web peut contenir des liens vers d&rsquo;autres sites web qui peuvent stocker des informations sur les utilisateurs. LE RESPONSABLE n&rsquo;est pas responsable de la gestion des informations des utilisateurs ni des conditions de protection des donn\u00e9es et de confidentialit\u00e9 d&rsquo;autres sites web.<\/p><h3><strong>Modifications de la pr\u00e9sente Politique de Confidentialit\u00e9<\/strong><\/h3><p>LE RESPONSABLE se r\u00e9serve le droit de modifier sa Politique de Confidentialit\u00e9, selon son propre crit\u00e8re, ou en raison d&rsquo;un changement l\u00e9gislatif, jurisprudentiel ou doctrinal de l&rsquo;Agence Espagnole de Protection des Donn\u00e9es. Toute modification de la Politique de Confidentialit\u00e9 sera publi\u00e9e au moins dix jours avant son application effective. L&rsquo;utilisation du site web apr\u00e8s ces modifications impliquera l&rsquo;acceptation de celles-ci.<\/p><h3><strong>D\u00e9lai d\u2019effacement des donn\u00e9es<\/strong><\/h3><p>Elles seront conserv\u00e9es pendant le temps n\u00e9cessaire pour remplir la finalit\u00e9 pour laquelle elles ont \u00e9t\u00e9 collect\u00e9es et pour d\u00e9terminer les responsabilit\u00e9s \u00e9ventuelles qui pourraient d\u00e9couler de cette finalit\u00e9 et du traitement des donn\u00e9es.<br \/>Droits de l&rsquo;utilisateur<\/p><p>Vous \u00eates inform\u00e9 que vous pouvez exercer vos droits d&rsquo;acc\u00e8s, de rectification, de l\u2019effacement et, le cas \u00e9ch\u00e9ant, d&rsquo;opposition et de portabilit\u00e9 des donn\u00e9es, ainsi que la limitation du traitement de celles-ci, en envoyant une demande accompagn\u00e9e d&rsquo;un document d&rsquo;identit\u00e9 \u00e0 l&rsquo;adresse suivante: <a href=\"mailto:info@tech4access.com\" target=\"_blank\" rel=\"noopener\">info@tech4access.com<\/a>. Il vous est \u00e9galement signal\u00e9 que vous avez la possibilit\u00e9 d&rsquo;exercer votre droit de pr\u00e9senter une r\u00e9clamation devant une Autorit\u00e9 de Contr\u00f4le comp\u00e9tente en mati\u00e8re de Protection des Donn\u00e9es, si vous n&rsquo;obtenez pas satisfaction dans l&rsquo;exercice de vos droits.<\/p>\t\t\t\t\t\t\t\t<\/div>\n\t\t\t\t<\/div>\n\t\t\t\t\t<\/div>\n\t\t<\/div>\n\t\t\t\t\t<\/div>\n\t\t<\/section>\n\t\t\t\t<\/div>\n\t\t","protected":false},"excerpt":{"rendered":"<p>Politique de confidentialit\u00e9 Responsable du traitement En conformit\u00e9 avec la r\u00e9glementation l\u00e9gale en vigueur en mati\u00e8re de protection des donn\u00e9es \u00e0 caract\u00e8re personnel, l&rsquo;utilisateur est inform\u00e9 que ses donn\u00e9es seront trait\u00e9es par DISTRIBUTION AS A SERVICE EMEA, S.L., avec CIF B98626963, ci-apr\u00e8s LE RESPONSABLE. Finalit\u00e9 du traitement Formulaire de contact La finalit\u00e9 du traitement est [&hellip;]<\/p>\n","protected":false},"author":3,"featured_media":0,"parent":0,"menu_order":0,"comment_status":"closed","ping_status":"closed","template":"elementor_header_footer","meta":{"_acf_changed":false,"ocean_post_layout":"","ocean_both_sidebars_style":"","ocean_both_sidebars_content_width":0,"ocean_both_sidebars_sidebars_width":0,"ocean_sidebar":"0","ocean_second_sidebar":"0","ocean_disable_margins":"enable","ocean_add_body_class":"","ocean_shortcode_before_top_bar":"","ocean_shortcode_after_top_bar":"","ocean_shortcode_before_header":"","ocean_shortcode_after_header":"","ocean_has_shortcode":"","ocean_shortcode_after_title":"","ocean_shortcode_before_footer_widgets":"","ocean_shortcode_after_footer_widgets":"","ocean_shortcode_before_footer_bottom":"","ocean_shortcode_after_footer_bottom":"","ocean_display_top_bar":"default","ocean_display_header":"default","ocean_header_style":"","ocean_center_header_left_menu":"0","ocean_custom_header_template":"0","ocean_custom_logo":0,"ocean_custom_retina_logo":0,"ocean_custom_logo_max_width":0,"ocean_custom_logo_tablet_max_width":0,"ocean_custom_logo_mobile_max_width":0,"ocean_custom_logo_max_height":0,"ocean_custom_logo_tablet_max_height":0,"ocean_custom_logo_mobile_max_height":0,"ocean_header_custom_menu":"0","ocean_menu_typo_font_family":"0","ocean_menu_typo_font_subset":"","ocean_menu_typo_font_size":0,"ocean_menu_typo_font_size_tablet":0,"ocean_menu_typo_font_size_mobile":0,"ocean_menu_typo_font_size_unit":"px","ocean_menu_typo_font_weight":"","ocean_menu_typo_font_weight_tablet":"","ocean_menu_typo_font_weight_mobile":"","ocean_menu_typo_transform":"","ocean_menu_typo_transform_tablet":"","ocean_menu_typo_transform_mobile":"","ocean_menu_typo_line_height":0,"ocean_menu_typo_line_height_tablet":0,"ocean_menu_typo_line_height_mobile":0,"ocean_menu_typo_line_height_unit":"","ocean_menu_typo_spacing":0,"ocean_menu_typo_spacing_tablet":0,"ocean_menu_typo_spacing_mobile":0,"ocean_menu_typo_spacing_unit":"","ocean_menu_link_color":"","ocean_menu_link_color_hover":"","ocean_menu_link_color_active":"","ocean_menu_link_background":"","ocean_menu_link_hover_background":"","ocean_menu_link_active_background":"","ocean_menu_social_links_bg":"","ocean_menu_social_hover_links_bg":"","ocean_menu_social_links_color":"","ocean_menu_social_hover_links_color":"","ocean_disable_title":"default","ocean_disable_heading":"default","ocean_post_title":"","ocean_post_subheading":"","ocean_post_title_style":"","ocean_post_title_background_color":"","ocean_post_title_background":0,"ocean_post_title_bg_image_position":"","ocean_post_title_bg_image_attachment":"","ocean_post_title_bg_image_repeat":"","ocean_post_title_bg_image_size":"","ocean_post_title_height":0,"ocean_post_title_bg_overlay":0.5,"ocean_post_title_bg_overlay_color":"","ocean_disable_breadcrumbs":"default","ocean_breadcrumbs_color":"","ocean_breadcrumbs_separator_color":"","ocean_breadcrumbs_links_color":"","ocean_breadcrumbs_links_hover_color":"","ocean_display_footer_widgets":"default","ocean_display_footer_bottom":"default","ocean_custom_footer_template":"0","footnotes":""},"class_list":["post-6477","page","type-page","status-publish","hentry","entry"],"acf":[],"yoast_head":"<!-- This site is optimized with the Yoast SEO Premium plugin v26.4 (Yoast SEO v27.3) - https:\/\/yoast.com\/product\/yoast-seo-premium-wordpress\/ -->\n<title>Politique de confidentialit\u00e9 | Tech4access<\/title>\n<meta name=\"robots\" content=\"noindex, follow\" \/>\n<meta property=\"og:locale\" content=\"fr_FR\" \/>\n<meta property=\"og:type\" content=\"article\" \/>\n<meta property=\"og:title\" content=\"Politique de confidentialit\u00e9\" \/>\n<meta property=\"og:description\" content=\"Politique de confidentialit\u00e9 Responsable du traitement En conformit\u00e9 avec la r\u00e9glementation l\u00e9gale en vigueur en mati\u00e8re de protection des donn\u00e9es \u00e0 caract\u00e8re personnel, l&rsquo;utilisateur est inform\u00e9 que ses donn\u00e9es seront trait\u00e9es par DISTRIBUTION AS A SERVICE EMEA, S.L., avec CIF B98626963, ci-apr\u00e8s LE RESPONSABLE. Finalit\u00e9 du traitement Formulaire de contact La finalit\u00e9 du traitement est [&hellip;]\" \/>\n<meta property=\"og:url\" content=\"https:\/\/tech4access.com\/fr\/politique-confidentialite\/\" \/>\n<meta property=\"og:site_name\" content=\"Tech4access\" \/>\n<meta property=\"article:publisher\" content=\"https:\/\/www.linkedin.com\/company\/tech4access\/\" \/>\n<meta property=\"article:modified_time\" content=\"2023-08-25T08:39:59+00:00\" \/>\n<meta name=\"twitter:card\" content=\"summary_large_image\" \/>\n<meta name=\"twitter:label1\" content=\"Dur\u00e9e de lecture estim\u00e9e\" \/>\n\t<meta name=\"twitter:data1\" content=\"3 minutes\" \/>\n<script type=\"application\/ld+json\" class=\"yoast-schema-graph\">{\"@context\":\"https:\\\/\\\/schema.org\",\"@graph\":[{\"@type\":\"WebPage\",\"@id\":\"https:\\\/\\\/tech4access.com\\\/fr\\\/politique-confidentialite\\\/\",\"url\":\"https:\\\/\\\/tech4access.com\\\/fr\\\/politique-confidentialite\\\/\",\"name\":\"Politique de confidentialit\u00e9 | Tech4access\",\"isPartOf\":{\"@id\":\"https:\\\/\\\/tech4access.com\\\/fr\\\/#website\"},\"datePublished\":\"2021-06-23T04:29:04+00:00\",\"dateModified\":\"2023-08-25T08:39:59+00:00\",\"breadcrumb\":{\"@id\":\"https:\\\/\\\/tech4access.com\\\/fr\\\/politique-confidentialite\\\/#breadcrumb\"},\"inLanguage\":\"fr-FR\",\"potentialAction\":[{\"@type\":\"ReadAction\",\"target\":[\"https:\\\/\\\/tech4access.com\\\/fr\\\/politique-confidentialite\\\/\"]}]},{\"@type\":\"BreadcrumbList\",\"@id\":\"https:\\\/\\\/tech4access.com\\\/fr\\\/politique-confidentialite\\\/#breadcrumb\",\"itemListElement\":[{\"@type\":\"ListItem\",\"position\":1,\"name\":\"Home\",\"item\":\"https:\\\/\\\/tech4access.com\\\/fr\\\/\"},{\"@type\":\"ListItem\",\"position\":2,\"name\":\"Politique de confidentialit\u00e9\"}]},{\"@type\":\"WebSite\",\"@id\":\"https:\\\/\\\/tech4access.com\\\/fr\\\/#website\",\"url\":\"https:\\\/\\\/tech4access.com\\\/fr\\\/\",\"name\":\"Tech4access\",\"description\":\"Soluciones de usabilidad y accesibilidad web\",\"publisher\":{\"@id\":\"https:\\\/\\\/tech4access.com\\\/fr\\\/#organization\"},\"potentialAction\":[{\"@type\":\"SearchAction\",\"target\":{\"@type\":\"EntryPoint\",\"urlTemplate\":\"https:\\\/\\\/tech4access.com\\\/fr\\\/?s={search_term_string}\"},\"query-input\":{\"@type\":\"PropertyValueSpecification\",\"valueRequired\":true,\"valueName\":\"search_term_string\"}}],\"inLanguage\":\"fr-FR\"},{\"@type\":\"Organization\",\"@id\":\"https:\\\/\\\/tech4access.com\\\/fr\\\/#organization\",\"name\":\"Tech4access\",\"url\":\"https:\\\/\\\/tech4access.com\\\/fr\\\/\",\"logo\":{\"@type\":\"ImageObject\",\"inLanguage\":\"fr-FR\",\"@id\":\"https:\\\/\\\/tech4access.com\\\/fr\\\/#\\\/schema\\\/logo\\\/image\\\/\",\"url\":\"https:\\\/\\\/tech4access.com\\\/wp-content\\\/uploads\\\/2024\\\/12\\\/Marca-Tech4Acces_Positivo.png\",\"contentUrl\":\"https:\\\/\\\/tech4access.com\\\/wp-content\\\/uploads\\\/2024\\\/12\\\/Marca-Tech4Acces_Positivo.png\",\"width\":1754,\"height\":1241,\"caption\":\"Tech4access\"},\"image\":{\"@id\":\"https:\\\/\\\/tech4access.com\\\/fr\\\/#\\\/schema\\\/logo\\\/image\\\/\"},\"sameAs\":[\"https:\\\/\\\/www.linkedin.com\\\/company\\\/tech4access\\\/\"]}]}<\/script>\n<!-- \/ Yoast SEO Premium plugin. -->","yoast_head_json":{"title":"Politique de confidentialit\u00e9 | Tech4access","robots":{"index":"noindex","follow":"follow"},"og_locale":"fr_FR","og_type":"article","og_title":"Politique de confidentialit\u00e9","og_description":"Politique de confidentialit\u00e9 Responsable du traitement En conformit\u00e9 avec la r\u00e9glementation l\u00e9gale en vigueur en mati\u00e8re de protection des donn\u00e9es \u00e0 caract\u00e8re personnel, l&rsquo;utilisateur est inform\u00e9 que ses donn\u00e9es seront trait\u00e9es par DISTRIBUTION AS A SERVICE EMEA, S.L., avec CIF B98626963, ci-apr\u00e8s LE RESPONSABLE. Finalit\u00e9 du traitement Formulaire de contact La finalit\u00e9 du traitement est [&hellip;]","og_url":"https:\/\/tech4access.com\/fr\/politique-confidentialite\/","og_site_name":"Tech4access","article_publisher":"https:\/\/www.linkedin.com\/company\/tech4access\/","article_modified_time":"2023-08-25T08:39:59+00:00","twitter_card":"summary_large_image","twitter_misc":{"Dur\u00e9e de lecture estim\u00e9e":"3 minutes"},"schema":{"@context":"https:\/\/schema.org","@graph":[{"@type":"WebPage","@id":"https:\/\/tech4access.com\/fr\/politique-confidentialite\/","url":"https:\/\/tech4access.com\/fr\/politique-confidentialite\/","name":"Politique de confidentialit\u00e9 | Tech4access","isPartOf":{"@id":"https:\/\/tech4access.com\/fr\/#website"},"datePublished":"2021-06-23T04:29:04+00:00","dateModified":"2023-08-25T08:39:59+00:00","breadcrumb":{"@id":"https:\/\/tech4access.com\/fr\/politique-confidentialite\/#breadcrumb"},"inLanguage":"fr-FR","potentialAction":[{"@type":"ReadAction","target":["https:\/\/tech4access.com\/fr\/politique-confidentialite\/"]}]},{"@type":"BreadcrumbList","@id":"https:\/\/tech4access.com\/fr\/politique-confidentialite\/#breadcrumb","itemListElement":[{"@type":"ListItem","position":1,"name":"Home","item":"https:\/\/tech4access.com\/fr\/"},{"@type":"ListItem","position":2,"name":"Politique de confidentialit\u00e9"}]},{"@type":"WebSite","@id":"https:\/\/tech4access.com\/fr\/#website","url":"https:\/\/tech4access.com\/fr\/","name":"Tech4access","description":"Soluciones de usabilidad y accesibilidad web","publisher":{"@id":"https:\/\/tech4access.com\/fr\/#organization"},"potentialAction":[{"@type":"SearchAction","target":{"@type":"EntryPoint","urlTemplate":"https:\/\/tech4access.com\/fr\/?s={search_term_string}"},"query-input":{"@type":"PropertyValueSpecification","valueRequired":true,"valueName":"search_term_string"}}],"inLanguage":"fr-FR"},{"@type":"Organization","@id":"https:\/\/tech4access.com\/fr\/#organization","name":"Tech4access","url":"https:\/\/tech4access.com\/fr\/","logo":{"@type":"ImageObject","inLanguage":"fr-FR","@id":"https:\/\/tech4access.com\/fr\/#\/schema\/logo\/image\/","url":"https:\/\/tech4access.com\/wp-content\/uploads\/2024\/12\/Marca-Tech4Acces_Positivo.png","contentUrl":"https:\/\/tech4access.com\/wp-content\/uploads\/2024\/12\/Marca-Tech4Acces_Positivo.png","width":1754,"height":1241,"caption":"Tech4access"},"image":{"@id":"https:\/\/tech4access.com\/fr\/#\/schema\/logo\/image\/"},"sameAs":["https:\/\/www.linkedin.com\/company\/tech4access\/"]}]}},"_links":{"self":[{"href":"https:\/\/tech4access.com\/fr\/wp-json\/wp\/v2\/pages\/6477","targetHints":{"allow":["GET"]}}],"collection":[{"href":"https:\/\/tech4access.com\/fr\/wp-json\/wp\/v2\/pages"}],"about":[{"href":"https:\/\/tech4access.com\/fr\/wp-json\/wp\/v2\/types\/page"}],"author":[{"embeddable":true,"href":"https:\/\/tech4access.com\/fr\/wp-json\/wp\/v2\/users\/3"}],"replies":[{"embeddable":true,"href":"https:\/\/tech4access.com\/fr\/wp-json\/wp\/v2\/comments?post=6477"}],"version-history":[{"count":4,"href":"https:\/\/tech4access.com\/fr\/wp-json\/wp\/v2\/pages\/6477\/revisions"}],"predecessor-version":[{"id":6682,"href":"https:\/\/tech4access.com\/fr\/wp-json\/wp\/v2\/pages\/6477\/revisions\/6682"}],"wp:attachment":[{"href":"https:\/\/tech4access.com\/fr\/wp-json\/wp\/v2\/media?parent=6477"}],"curies":[{"name":"wp","href":"https:\/\/api.w.org\/{rel}","templated":true}]}}