{"id":6459,"date":"2021-10-08T11:24:47","date_gmt":"2021-10-08T09:24:47","guid":{"rendered":"https:\/\/tech4access.com\/declaracion-de-accesibilidad\/"},"modified":"2025-11-18T11:58:24","modified_gmt":"2025-11-18T09:58:24","slug":"declaration-d-accessibilite","status":"publish","type":"page","link":"https:\/\/tech4access.com\/fr\/declaration-d-accessibilite\/","title":{"rendered":"D\u00e9claration d&rsquo;accessibilit\u00e9"},"content":{"rendered":"\t\t<div data-elementor-type=\"wp-page\" data-elementor-id=\"6459\" class=\"elementor elementor-6459 elementor-5953\" data-elementor-post-type=\"page\">\n\t\t\t\t\t\t<section class=\"elementor-section elementor-top-section elementor-element elementor-element-bd8a7ba elementor-section-boxed elementor-section-height-default elementor-section-height-default\" data-id=\"bd8a7ba\" data-element_type=\"section\" data-e-type=\"section\" data-settings=\"{&quot;background_background&quot;:&quot;gradient&quot;}\">\n\t\t\t\t\t\t\t<div class=\"elementor-background-overlay\"><\/div>\n\t\t\t\t\t\t\t<div class=\"elementor-container elementor-column-gap-default\">\n\t\t\t\t\t<div class=\"elementor-column elementor-col-100 elementor-top-column elementor-element elementor-element-64607678\" data-id=\"64607678\" data-element_type=\"column\" data-e-type=\"column\">\n\t\t\t<div class=\"elementor-widget-wrap elementor-element-populated\">\n\t\t\t\t\t\t<section class=\"elementor-section elementor-inner-section elementor-element elementor-element-2c0fb34f elementor-section-content-middle elementor-section-boxed elementor-section-height-default elementor-section-height-default\" data-id=\"2c0fb34f\" data-element_type=\"section\" data-e-type=\"section\">\n\t\t\t\t\t\t<div class=\"elementor-container elementor-column-gap-default\">\n\t\t\t\t\t<div class=\"elementor-column elementor-col-100 elementor-inner-column elementor-element elementor-element-32b2c94b\" data-id=\"32b2c94b\" data-element_type=\"column\" data-e-type=\"column\">\n\t\t\t<div class=\"elementor-widget-wrap elementor-element-populated\">\n\t\t\t\t\t\t<div class=\"elementor-element elementor-element-9b09033 elementor-widget elementor-widget-breadcrumbs\" data-id=\"9b09033\" data-element_type=\"widget\" data-e-type=\"widget\" data-widget_type=\"breadcrumbs.default\">\n\t\t\t\t<div class=\"elementor-widget-container\">\n\t\t\t\t\t<p id=\"breadcrumbs\"><span><span><a href=\"https:\/\/tech4access.com\/fr\/\">Home<\/a><\/span><\/span><\/p>\t\t\t\t<\/div>\n\t\t\t\t<\/div>\n\t\t\t\t\t<\/div>\n\t\t<\/div>\n\t\t\t\t\t<\/div>\n\t\t<\/section>\n\t\t\t\t<section class=\"elementor-section elementor-inner-section elementor-element elementor-element-237c22df elementor-section-boxed elementor-section-height-default elementor-section-height-default\" data-id=\"237c22df\" data-element_type=\"section\" data-e-type=\"section\">\n\t\t\t\t\t\t<div class=\"elementor-container elementor-column-gap-default\">\n\t\t\t\t\t<div class=\"elementor-column elementor-col-50 elementor-inner-column elementor-element elementor-element-51f988f6\" data-id=\"51f988f6\" data-element_type=\"column\" data-e-type=\"column\">\n\t\t\t<div class=\"elementor-widget-wrap elementor-element-populated\">\n\t\t\t\t\t\t<div class=\"elementor-element elementor-element-7155b039 elementor-widget elementor-widget-heading\" data-id=\"7155b039\" data-element_type=\"widget\" data-e-type=\"widget\" data-widget_type=\"heading.default\">\n\t\t\t\t<div class=\"elementor-widget-container\">\n\t\t\t\t\t<h1 class=\"elementor-heading-title elementor-size-default\">D\u00e9claration d&rsquo;accessibilit\u00e9<\/h1>\t\t\t\t<\/div>\n\t\t\t\t<\/div>\n\t\t\t\t\t<\/div>\n\t\t<\/div>\n\t\t\t\t<div class=\"elementor-column elementor-col-50 elementor-inner-column elementor-element elementor-element-238a58a0\" data-id=\"238a58a0\" data-element_type=\"column\" data-e-type=\"column\">\n\t\t\t<div class=\"elementor-widget-wrap\">\n\t\t\t\t\t\t\t<\/div>\n\t\t<\/div>\n\t\t\t\t\t<\/div>\n\t\t<\/section>\n\t\t\t\t\t<\/div>\n\t\t<\/div>\n\t\t\t\t\t<\/div>\n\t\t<\/section>\n\t\t\t\t<section class=\"elementor-section elementor-top-section elementor-element elementor-element-23a96a4a cont-legal elementor-section-boxed elementor-section-height-default elementor-section-height-default\" data-id=\"23a96a4a\" data-element_type=\"section\" data-e-type=\"section\">\n\t\t\t\t\t\t<div class=\"elementor-container elementor-column-gap-default\">\n\t\t\t\t\t<div class=\"elementor-column elementor-col-100 elementor-top-column elementor-element elementor-element-1fddf800\" data-id=\"1fddf800\" data-element_type=\"column\" data-e-type=\"column\">\n\t\t\t<div class=\"elementor-widget-wrap elementor-element-populated\">\n\t\t\t\t\t\t<div class=\"elementor-element elementor-element-5847fb81 elementor-widget elementor-widget-text-editor\" data-id=\"5847fb81\" data-element_type=\"widget\" data-e-type=\"widget\" data-widget_type=\"text-editor.default\">\n\t\t\t\t<div class=\"elementor-widget-container\">\n\t\t\t\t\t\t\t\t\t<p role=\"region\" aria-labelledby=\"i4t-id-1\">Chez DISTRIBUTION AS A SERVICE EMEA S.L., nous travaillons constamment pour garantir l\u2019acc\u00e8s universel \u00e0 notre site web. Notre objectif est que toute personne, ind\u00e9pendamment de son \u00e2ge, de son handicap ou de toute autre situation personnelle, puisse parcourir l\u2019ensemble du domaine <a href=\"https:\/\/tech4access.com\/\" rel=\"noopener\" aria-label=\"TECH4ACCESS.\">https:\/\/tech4access.com<\/a> sans rencontrer de difficult\u00e9s d\u2019acc\u00e8s.<\/p>\n<p role=\"region\" aria-labelledby=\"i4t-id-1\">Pour am\u00e9liorer l\u2019accessibilit\u00e9 du site web de <strong>TECH4ACCESS<\/strong>, nous avons appliqu\u00e9 des crit\u00e8res bas\u00e9s sur les directives <strong>WCAG\/WAI<\/strong> \u00e9tablies par le <strong><em>World Wide Web Consortium (W3C)<\/em><\/strong>, l\u2019organisme international charg\u00e9 de superviser les technologies et l\u2019adoption de normes sur Internet. Dans cette optique, le site web de <strong>TECH4ACCESS<\/strong> a \u00e9t\u00e9 d\u00e9velopp\u00e9 afin de garantir sa conformit\u00e9 avec le niveau AA des <strong>R\u00e8gles pour l\u2019accessibilit\u00e9 des contenus Web<\/strong> (WCAG) 2.1 de la Web Accessibility Initiative (WAI) du W3C. <strong>Everycode S.L.<\/strong> a \u00e9valu\u00e9 l\u2019accessibilit\u00e9 de ce site web selon les exigences des WCAG 2.1.<\/p>\n<p>Cette d\u00e9claration d\u2019accessibilit\u00e9 s\u2019applique au site web <a href=\"https:\/\/tech4access.com\" target=\"_blank\" rel=\"noopener\">https:\/\/tech4access.com<\/a>, \u00e0 l\u2019exclusion du contenu int\u00e9gr\u00e9 provenant d\u2019autres domaines.<\/p>\n<div style=\"display: grid;\" role=\"region\" aria-labelledby=\"i4t-id-1\">\n<h3><strong>\u00c9tat actuel<\/strong><\/h3>\n<p>Le site web<a href=\"https:\/\/tech4access.com\" target=\"_blank\" rel=\"noopener\"> https:\/\/tech4access.com<\/a>&nbsp;a re\u00e7u la <a href=\"https:\/\/www.insuit.net\/20241230101\/\" target=\"_blank\" rel=\"noopener\">Certification inSuit AA<\/a> conform\u00e9ment aux exigences de la norme WCAG 2.1, niveau de conformit\u00e9 AA.<\/p>\n<p>Les fonctionnalit\u00e9s suivantes ont \u00e9t\u00e9 ajout\u00e9es au&nbsp;<a href=\"https:\/\/tech4access.com\" target=\"_blank\" rel=\"noopener\">https:\/\/tech4access.com<\/a> pour faciliter l\u2019acc\u00e8s \u00e0 son contenu&nbsp;:<\/p>\n<ul>\n<li>Les caract\u00e9ristiques visuelles du site web (type de police, couleur de la police et de l\u2019arri\u00e8re-plan, etc.) sont d\u00e9finies via des feuilles de style, ce qui permet \u00e0 l\u2019utilisateur de modifier les param\u00e8tres d\u2019affichage du texte selon ses pr\u00e9f\u00e9rences.<\/li>\n<li>Les tailles de police sont d\u00e9finies avec des unit\u00e9s relatives afin que la taille du texte puisse \u00eatre augment\u00e9e ou r\u00e9duite dans les options du navigateur.<\/li>\n<li>Si un utilisateur acc\u00e8de au site avec un navigateur qui ne prend pas en charge les feuilles de style, cela ne pose pas de probl\u00e8me puisqu\u2019il peut tout de m\u00eame acc\u00e9der au contenu avec les CSS d\u00e9sactiv\u00e9es.<\/li>\n<li>Les pages web pr\u00e9sentent une structure claire permettant \u00e0 tout le contenu d\u2019\u00eatre visible par tous les utilisateurs, y compris ceux qui utilisent des lecteurs d\u2019\u00e9cran ou qui d\u00e9sactivent les feuilles de style, etc. Pour ce faire, les titres de section, les listes et tous les \u00e9l\u00e9ments contribuant \u00e0 une meilleure compr\u00e9hension du site ont \u00e9t\u00e9 cod\u00e9s en HTML.<\/li>\n<li>Le site a \u00e9t\u00e9 d\u00e9velopp\u00e9 en respectant des syntaxes formelles afin de garantir un affichage correct du contenu dans diff\u00e9rents navigateurs.<\/li>\n<\/ul>\n<\/div>\n<div style=\"display: grid;\" role=\"region\" aria-labelledby=\"i4t-id-2\">\n<h3><strong>Contenu non accessible<\/strong><\/h3>\n<p>Le contenu ci-dessous n\u2019est pas accessible pour les raisons suivantes&nbsp;:<\/p>\n<ol>\n<li>Certaines images ne sont pas \u00e9tiquet\u00e9es ou poss\u00e8dent une alternative textuelle g\u00e9n\u00e9rique [exigence n\u00b0 9.1.1.1 de la norme UNE-EN 301549:2022-03 Contenu non textuel].<\/li>\n<li>Certaines vid\u00e9os pr\u00e9enregistr\u00e9es sur le site n\u2019ont pas d\u2019audiodescription ou de m\u00e9dias alternatifs [exigences n\u00b0 9.1.2.5 et 9.1.2.3 de la norme UNE-EN 301549:2022-03 Audiodescription ou m\u00e9dias alternatifs (enregistr\u00e9)].<\/li>\n<li>Sur certaines pages, le rapport de contraste du texte ou des images peut ne pas atteindre 4,5:1 [exigence n\u00b0 9.1.4.3 de la norme UNE-EN 301549:2022-03 Contraste minimum].<\/li>\n<\/ol>\n<h3><strong>\u00c9laboration de cette d\u00e9claration d\u2019accessibilit\u00e9<\/strong><\/h3>\n<p>Cette d\u00e9claration a \u00e9t\u00e9 pr\u00e9par\u00e9e le <strong>30 d\u00e9cembre 2024<\/strong>.<\/p>\n<p>La m\u00e9thode utilis\u00e9e pour \u00e9laborer cette d\u00e9claration est un audit d\u2019accessibilit\u00e9 r\u00e9alis\u00e9 par Everycode S.L. le <strong>20 novembre 2024<\/strong>.<\/p>\n<p>Cette d\u00e9claration a \u00e9t\u00e9 r\u00e9vis\u00e9e pour la derni\u00e8re fois le&nbsp;<strong>18 novembre 2025<\/strong>.<\/p>\n<p>Les r\u00e9sultats de l\u2019audit r\u00e9pondent pleinement aux exigences de la norme WCAG 2.1, niveau AA, satisfaisant le niveau d\u2019accessibilit\u00e9 requis par la r\u00e9glementation en vigueur.<\/p>\n<h3><strong>Observations et coordonn\u00e9es<\/strong><\/h3>\n<p>Vous pouvez formuler des remarques concernant les exigences en mati\u00e8re d\u2019accessibilit\u00e9, par exemple&nbsp;:<\/p>\n<ul>\n<li>Signaler d\u2019\u00e9ventuels manquements sur ce site web.<\/li>\n<li>Signaler d\u2019autres difficult\u00e9s d\u2019acc\u00e8s au contenu.<\/li>\n<li>Formuler toute autre demande ou suggestion d\u2019am\u00e9lioration concernant l\u2019accessibilit\u00e9 du site web.<\/li>\n<\/ul>\n<p>Pour ce faire, vous disposez des canaux de communication suivants&nbsp;:<\/p>\n<p>Lien vers le formulaire: <a href=\"https:\/\/tech4access.com\/fr\/contact\/\">https:\/\/tech4access.com\/fr\/contact\/<\/a><\/p>\n<\/div>\n<div style=\"display: grid;\" role=\"region\" aria-labelledby=\"i4t-id-3\">\n<h3><strong>Contenu facultatif<\/strong><\/h3>\n<p>TECH4ACCESS a int\u00e9gr\u00e9 \u00e0 son site la solution inSuit Accessibility Manager\u2122, qui am\u00e9liore de mani\u00e8re optimale et efficace l\u2019accessibilit\u00e9 et l\u2019ergonomie web. Cette solution transforme la page web en temps r\u00e9el sur la base des normes WCAG et WAI-ARIA, personnalis\u00e9e par des experts en accessibilit\u00e9 et en ergonomie, la rendant plus accessible et inclusive.<\/p>\n<\/div>\t\t\t\t\t\t\t\t<\/div>\n\t\t\t\t<\/div>\n\t\t\t\t\t<\/div>\n\t\t<\/div>\n\t\t\t\t\t<\/div>\n\t\t<\/section>\n\t\t\t\t<\/div>\n\t\t","protected":false},"excerpt":{"rendered":"<p>Chez DISTRIBUTION AS A SERVICE EMEA S.L., nous travaillons constamment pour garantir l\u2019acc\u00e8s universel \u00e0 notre site web. Notre objectif est que toute personne, ind\u00e9pendamment de son \u00e2ge, de son handicap ou de toute autre situation personnelle, puisse parcourir l\u2019ensemble du domaine https:\/\/tech4access.com sans rencontrer de difficult\u00e9s d\u2019acc\u00e8s. Pour am\u00e9liorer l\u2019accessibilit\u00e9 du site web de [&hellip;]<\/p>\n","protected":false},"author":3,"featured_media":0,"parent":0,"menu_order":0,"comment_status":"closed","ping_status":"closed","template":"elementor_header_footer","meta":{"_acf_changed":false,"ocean_post_layout":"","ocean_both_sidebars_style":"","ocean_both_sidebars_content_width":0,"ocean_both_sidebars_sidebars_width":0,"ocean_sidebar":"0","ocean_second_sidebar":"0","ocean_disable_margins":"enable","ocean_add_body_class":"","ocean_shortcode_before_top_bar":"","ocean_shortcode_after_top_bar":"","ocean_shortcode_before_header":"","ocean_shortcode_after_header":"","ocean_has_shortcode":"","ocean_shortcode_after_title":"","ocean_shortcode_before_footer_widgets":"","ocean_shortcode_after_footer_widgets":"","ocean_shortcode_before_footer_bottom":"","ocean_shortcode_after_footer_bottom":"","ocean_display_top_bar":"default","ocean_display_header":"default","ocean_header_style":"","ocean_center_header_left_menu":"0","ocean_custom_header_template":"0","ocean_custom_logo":0,"ocean_custom_retina_logo":0,"ocean_custom_logo_max_width":0,"ocean_custom_logo_tablet_max_width":0,"ocean_custom_logo_mobile_max_width":0,"ocean_custom_logo_max_height":0,"ocean_custom_logo_tablet_max_height":0,"ocean_custom_logo_mobile_max_height":0,"ocean_header_custom_menu":"0","ocean_menu_typo_font_family":"0","ocean_menu_typo_font_subset":"","ocean_menu_typo_font_size":0,"ocean_menu_typo_font_size_tablet":0,"ocean_menu_typo_font_size_mobile":0,"ocean_menu_typo_font_size_unit":"px","ocean_menu_typo_font_weight":"","ocean_menu_typo_font_weight_tablet":"","ocean_menu_typo_font_weight_mobile":"","ocean_menu_typo_transform":"","ocean_menu_typo_transform_tablet":"","ocean_menu_typo_transform_mobile":"","ocean_menu_typo_line_height":0,"ocean_menu_typo_line_height_tablet":0,"ocean_menu_typo_line_height_mobile":0,"ocean_menu_typo_line_height_unit":"","ocean_menu_typo_spacing":0,"ocean_menu_typo_spacing_tablet":0,"ocean_menu_typo_spacing_mobile":0,"ocean_menu_typo_spacing_unit":"","ocean_menu_link_color":"","ocean_menu_link_color_hover":"","ocean_menu_link_color_active":"","ocean_menu_link_background":"","ocean_menu_link_hover_background":"","ocean_menu_link_active_background":"","ocean_menu_social_links_bg":"","ocean_menu_social_hover_links_bg":"","ocean_menu_social_links_color":"","ocean_menu_social_hover_links_color":"","ocean_disable_title":"default","ocean_disable_heading":"default","ocean_post_title":"","ocean_post_subheading":"","ocean_post_title_style":"","ocean_post_title_background_color":"","ocean_post_title_background":0,"ocean_post_title_bg_image_position":"","ocean_post_title_bg_image_attachment":"","ocean_post_title_bg_image_repeat":"","ocean_post_title_bg_image_size":"","ocean_post_title_height":0,"ocean_post_title_bg_overlay":0.5,"ocean_post_title_bg_overlay_color":"","ocean_disable_breadcrumbs":"default","ocean_breadcrumbs_color":"","ocean_breadcrumbs_separator_color":"","ocean_breadcrumbs_links_color":"","ocean_breadcrumbs_links_hover_color":"","ocean_display_footer_widgets":"default","ocean_display_footer_bottom":"default","ocean_custom_footer_template":"0","footnotes":""},"class_list":["post-6459","page","type-page","status-publish","hentry","entry"],"acf":[],"yoast_head":"<!-- This site is optimized with the Yoast SEO Premium plugin v26.4 (Yoast SEO v27.3) - https:\/\/yoast.com\/product\/yoast-seo-premium-wordpress\/ -->\n<title>D\u00e9claration d&#039;accessibilit\u00e9 | Tech4access<\/title>\n<meta name=\"robots\" content=\"noindex, follow\" \/>\n<meta property=\"og:locale\" content=\"fr_FR\" \/>\n<meta property=\"og:type\" content=\"article\" \/>\n<meta property=\"og:title\" content=\"D\u00e9claration d&#039;accessibilit\u00e9\" \/>\n<meta property=\"og:description\" content=\"Chez DISTRIBUTION AS A SERVICE EMEA S.L., nous travaillons constamment pour garantir l\u2019acc\u00e8s universel \u00e0 notre site web. Notre objectif est que toute personne, ind\u00e9pendamment de son \u00e2ge, de son handicap ou de toute autre situation personnelle, puisse parcourir l\u2019ensemble du domaine https:\/\/tech4access.com sans rencontrer de difficult\u00e9s d\u2019acc\u00e8s. Pour am\u00e9liorer l\u2019accessibilit\u00e9 du site web de [&hellip;]\" \/>\n<meta property=\"og:url\" content=\"https:\/\/tech4access.com\/fr\/declaration-d-accessibilite\/\" \/>\n<meta property=\"og:site_name\" content=\"Tech4access\" \/>\n<meta property=\"article:publisher\" content=\"https:\/\/www.linkedin.com\/company\/tech4access\/\" \/>\n<meta property=\"article:modified_time\" content=\"2025-11-18T09:58:24+00:00\" \/>\n<meta name=\"twitter:card\" content=\"summary_large_image\" \/>\n<meta name=\"twitter:label1\" content=\"Dur\u00e9e de lecture estim\u00e9e\" \/>\n\t<meta name=\"twitter:data1\" content=\"4 minutes\" \/>\n<script type=\"application\/ld+json\" class=\"yoast-schema-graph\">{\"@context\":\"https:\\\/\\\/schema.org\",\"@graph\":[{\"@type\":\"WebPage\",\"@id\":\"https:\\\/\\\/tech4access.com\\\/fr\\\/declaration-d-accessibilite\\\/\",\"url\":\"https:\\\/\\\/tech4access.com\\\/fr\\\/declaration-d-accessibilite\\\/\",\"name\":\"D\u00e9claration d'accessibilit\u00e9 | Tech4access\",\"isPartOf\":{\"@id\":\"https:\\\/\\\/tech4access.com\\\/fr\\\/#website\"},\"datePublished\":\"2021-10-08T09:24:47+00:00\",\"dateModified\":\"2025-11-18T09:58:24+00:00\",\"breadcrumb\":{\"@id\":\"https:\\\/\\\/tech4access.com\\\/fr\\\/declaration-d-accessibilite\\\/#breadcrumb\"},\"inLanguage\":\"fr-FR\",\"potentialAction\":[{\"@type\":\"ReadAction\",\"target\":[\"https:\\\/\\\/tech4access.com\\\/fr\\\/declaration-d-accessibilite\\\/\"]}]},{\"@type\":\"BreadcrumbList\",\"@id\":\"https:\\\/\\\/tech4access.com\\\/fr\\\/declaration-d-accessibilite\\\/#breadcrumb\",\"itemListElement\":[{\"@type\":\"ListItem\",\"position\":1,\"name\":\"Home\",\"item\":\"https:\\\/\\\/tech4access.com\\\/fr\\\/\"},{\"@type\":\"ListItem\",\"position\":2,\"name\":\"D\u00e9claration d&rsquo;accessibilit\u00e9\"}]},{\"@type\":\"WebSite\",\"@id\":\"https:\\\/\\\/tech4access.com\\\/fr\\\/#website\",\"url\":\"https:\\\/\\\/tech4access.com\\\/fr\\\/\",\"name\":\"Tech4access\",\"description\":\"Soluciones de usabilidad y accesibilidad web\",\"publisher\":{\"@id\":\"https:\\\/\\\/tech4access.com\\\/fr\\\/#organization\"},\"potentialAction\":[{\"@type\":\"SearchAction\",\"target\":{\"@type\":\"EntryPoint\",\"urlTemplate\":\"https:\\\/\\\/tech4access.com\\\/fr\\\/?s={search_term_string}\"},\"query-input\":{\"@type\":\"PropertyValueSpecification\",\"valueRequired\":true,\"valueName\":\"search_term_string\"}}],\"inLanguage\":\"fr-FR\"},{\"@type\":\"Organization\",\"@id\":\"https:\\\/\\\/tech4access.com\\\/fr\\\/#organization\",\"name\":\"Tech4access\",\"url\":\"https:\\\/\\\/tech4access.com\\\/fr\\\/\",\"logo\":{\"@type\":\"ImageObject\",\"inLanguage\":\"fr-FR\",\"@id\":\"https:\\\/\\\/tech4access.com\\\/fr\\\/#\\\/schema\\\/logo\\\/image\\\/\",\"url\":\"https:\\\/\\\/tech4access.com\\\/wp-content\\\/uploads\\\/2024\\\/12\\\/Marca-Tech4Acces_Positivo.png\",\"contentUrl\":\"https:\\\/\\\/tech4access.com\\\/wp-content\\\/uploads\\\/2024\\\/12\\\/Marca-Tech4Acces_Positivo.png\",\"width\":1754,\"height\":1241,\"caption\":\"Tech4access\"},\"image\":{\"@id\":\"https:\\\/\\\/tech4access.com\\\/fr\\\/#\\\/schema\\\/logo\\\/image\\\/\"},\"sameAs\":[\"https:\\\/\\\/www.linkedin.com\\\/company\\\/tech4access\\\/\"]}]}<\/script>\n<!-- \/ Yoast SEO Premium plugin. -->","yoast_head_json":{"title":"D\u00e9claration d'accessibilit\u00e9 | Tech4access","robots":{"index":"noindex","follow":"follow"},"og_locale":"fr_FR","og_type":"article","og_title":"D\u00e9claration d'accessibilit\u00e9","og_description":"Chez DISTRIBUTION AS A SERVICE EMEA S.L., nous travaillons constamment pour garantir l\u2019acc\u00e8s universel \u00e0 notre site web. Notre objectif est que toute personne, ind\u00e9pendamment de son \u00e2ge, de son handicap ou de toute autre situation personnelle, puisse parcourir l\u2019ensemble du domaine https:\/\/tech4access.com sans rencontrer de difficult\u00e9s d\u2019acc\u00e8s. Pour am\u00e9liorer l\u2019accessibilit\u00e9 du site web de [&hellip;]","og_url":"https:\/\/tech4access.com\/fr\/declaration-d-accessibilite\/","og_site_name":"Tech4access","article_publisher":"https:\/\/www.linkedin.com\/company\/tech4access\/","article_modified_time":"2025-11-18T09:58:24+00:00","twitter_card":"summary_large_image","twitter_misc":{"Dur\u00e9e de lecture estim\u00e9e":"4 minutes"},"schema":{"@context":"https:\/\/schema.org","@graph":[{"@type":"WebPage","@id":"https:\/\/tech4access.com\/fr\/declaration-d-accessibilite\/","url":"https:\/\/tech4access.com\/fr\/declaration-d-accessibilite\/","name":"D\u00e9claration d'accessibilit\u00e9 | Tech4access","isPartOf":{"@id":"https:\/\/tech4access.com\/fr\/#website"},"datePublished":"2021-10-08T09:24:47+00:00","dateModified":"2025-11-18T09:58:24+00:00","breadcrumb":{"@id":"https:\/\/tech4access.com\/fr\/declaration-d-accessibilite\/#breadcrumb"},"inLanguage":"fr-FR","potentialAction":[{"@type":"ReadAction","target":["https:\/\/tech4access.com\/fr\/declaration-d-accessibilite\/"]}]},{"@type":"BreadcrumbList","@id":"https:\/\/tech4access.com\/fr\/declaration-d-accessibilite\/#breadcrumb","itemListElement":[{"@type":"ListItem","position":1,"name":"Home","item":"https:\/\/tech4access.com\/fr\/"},{"@type":"ListItem","position":2,"name":"D\u00e9claration d&rsquo;accessibilit\u00e9"}]},{"@type":"WebSite","@id":"https:\/\/tech4access.com\/fr\/#website","url":"https:\/\/tech4access.com\/fr\/","name":"Tech4access","description":"Soluciones de usabilidad y accesibilidad web","publisher":{"@id":"https:\/\/tech4access.com\/fr\/#organization"},"potentialAction":[{"@type":"SearchAction","target":{"@type":"EntryPoint","urlTemplate":"https:\/\/tech4access.com\/fr\/?s={search_term_string}"},"query-input":{"@type":"PropertyValueSpecification","valueRequired":true,"valueName":"search_term_string"}}],"inLanguage":"fr-FR"},{"@type":"Organization","@id":"https:\/\/tech4access.com\/fr\/#organization","name":"Tech4access","url":"https:\/\/tech4access.com\/fr\/","logo":{"@type":"ImageObject","inLanguage":"fr-FR","@id":"https:\/\/tech4access.com\/fr\/#\/schema\/logo\/image\/","url":"https:\/\/tech4access.com\/wp-content\/uploads\/2024\/12\/Marca-Tech4Acces_Positivo.png","contentUrl":"https:\/\/tech4access.com\/wp-content\/uploads\/2024\/12\/Marca-Tech4Acces_Positivo.png","width":1754,"height":1241,"caption":"Tech4access"},"image":{"@id":"https:\/\/tech4access.com\/fr\/#\/schema\/logo\/image\/"},"sameAs":["https:\/\/www.linkedin.com\/company\/tech4access\/"]}]}},"_links":{"self":[{"href":"https:\/\/tech4access.com\/fr\/wp-json\/wp\/v2\/pages\/6459","targetHints":{"allow":["GET"]}}],"collection":[{"href":"https:\/\/tech4access.com\/fr\/wp-json\/wp\/v2\/pages"}],"about":[{"href":"https:\/\/tech4access.com\/fr\/wp-json\/wp\/v2\/types\/page"}],"author":[{"embeddable":true,"href":"https:\/\/tech4access.com\/fr\/wp-json\/wp\/v2\/users\/3"}],"replies":[{"embeddable":true,"href":"https:\/\/tech4access.com\/fr\/wp-json\/wp\/v2\/comments?post=6459"}],"version-history":[{"count":35,"href":"https:\/\/tech4access.com\/fr\/wp-json\/wp\/v2\/pages\/6459\/revisions"}],"predecessor-version":[{"id":12894,"href":"https:\/\/tech4access.com\/fr\/wp-json\/wp\/v2\/pages\/6459\/revisions\/12894"}],"wp:attachment":[{"href":"https:\/\/tech4access.com\/fr\/wp-json\/wp\/v2\/media?parent=6459"}],"curies":[{"name":"wp","href":"https:\/\/api.w.org\/{rel}","templated":true}]}}